{"id":8033,"date":"2024-02-14T17:10:31","date_gmt":"2024-02-14T22:10:31","guid":{"rendered":"https:\/\/www.calian.com\/digital-cyber\/cybersecurite\/services-de-reponse-aux-incidents\/"},"modified":"2025-06-03T10:58:36","modified_gmt":"2025-06-03T14:58:36","slug":"incident-response-services","status":"publish","type":"page","link":"https:\/\/www.calian.com\/digital-cyber\/fr\/cybersecurite\/incident-response-services\/","title":{"rendered":"Services de r\u00e9ponse aux incidents"},"content":{"rendered":"\n<div class=\"tbk-hydrate-component\" data-cid=\"6c7a85b1-a061-463f-95ea-dff1ebf209ac\" data-component=\"MainHeroVideo\"><div class=\"calian-main-hero wp-block-calian-com-components-calian-main-hero-video inverted\"><div class=\"main-hero-video position-relative\"><div class=\"main-hero-video__overlay-top\"><\/div><div class=\"main-hero-video__overlay-left\"><\/div><div class=\"main-hero-video__overlay-general\"><\/div><div class=\"main-hero-video__content container-fluid mw-1195px\"><div class=\"row px-3\"><div class=\"col-12 mw-641px p-0\"><h1 class=\"main-hero-video__heading text-white mb-4\">Services de r\u00e9ponse aux incidents<\/h1><p class=\"main-hero-video__description text-white subheading mb-5\">R\u00e9duisez l&#8217;impact des cyberincidents sur votre organisation gr\u00e2ce aux services avanc\u00e9s de r\u00e9ponse aux incidents de Calian.<\/p><div class=\"main-hero-software__cta-buttons d-flex flex-column flex-sm-row justify-content-start pt-2\"><a href=\"#contact-form\" class=\"btn btn-secondary\">Explorer les solutions personnalis\u00e9es<\/a><\/div><\/div><\/div><\/div><img loading=\"lazy\" decoding=\"async\" src=\"https:\/\/sites.calian.com\/app\/uploads\/sites\/10\/2024\/02\/BusinessDevelopers-2200x1321.jpg\" alt=\"D&#xE9;veloppeurs d'entreprise regardant un code sur un &#xE9;cran d'ordinateur.\" width=\"2200\" height=\"1321\" class=\"hero-banner__bg-img\"\/><\/div><\/div><\/div>\n\n<div class=\"tbk-hydrate-component\" data-cid=\"2aef8338-9891-4450-aa0a-2ed41541fd37\" data-component=\"Spacer\"><div class=\"calian-spacer wp-block-calian-com-components-calian-spacer\"><\/div><\/div>\n\n<div class=\"tbk-hydrate-component\" data-cid=\"8e83af09-9b5e-4247-9028-3be16d065fd1\" data-component=\"VideoShowcase\"><div class=\"video-showcase px-3 py-5 py-lg-8 wp-block-calian-com-components-calian-video-showcase\"><div class=\"video-showcase__container align-items-center mw-1240px d-flex gap-5 flex-column\"><div class=\"video-showcase__content align-items-center d-inline-flex flex-column gap-3\"><h2 class=\"video-showcase__heading mb-0 text-center\">Rationalisation de la cybers\u00e9curit\u00e9 gr\u00e2ce au contr\u00f4le des dommages et \u00e0 la r\u00e9cup\u00e9ration rapide<\/h2><div class=\"video-showcase__copy\"><div class=\"text-center\">Les services de r\u00e9ponse aux incidents de Calian jouent un r\u00f4le crucial dans la gestion et l&#8217;att\u00e9nuation de l&#8217;impact des cyberincidents sur les organisations. L&#8217;objectif premier de la r\u00e9ponse \u00e0 un incident est de limiter les dommages et de r\u00e9duire le temps et les co\u00fbts de r\u00e9tablissement. La r\u00e9ponse de Calian \u00e0 un incident implique une s\u00e9rie d&#8217;\u00e9tapes bien orchestr\u00e9es comprenant l&#8217;identification, l&#8217;endiguement, l&#8217;\u00e9radication, la r\u00e9cup\u00e9ration et l&#8217;analyse post-incident.  <\/div><\/div><\/div><div class=\"video-showcase__video-wrapper flex-grow-1 flex-shrink-0 w-100\"><div class=\"video-showcase__video mx-auto rounded-5\" style=\")\"><button class=\"btn-play\">Lire la vid\u00e9o<\/button><\/div><\/div><\/div><\/div><\/div>\n\n<div class=\"tbk-hydrate-component\" data-cid=\"5d5d35c2-bc6c-43fc-8d8a-73eb4dfbd612\" data-component=\"Spacer\"><div class=\"calian-spacer wp-block-calian-com-components-calian-spacer\"><\/div><\/div>\n\n<div class=\"tbk-hydrate-component\" data-cid=\"e0d6ed87-42b6-43cd-9c10-b04596043139\" data-component=\"StatsBar\"><div class=\"calian-stats-bar calian-stats-bar--inverted theme-dark wp-block-calian-com-components-calian-stats-bar\"><div class=\"container-fluid layout-simple\"><div class=\"row mw-1830px mx-auto\"><div class=\"col-12 col-sm-6 col-lg\"><div><div class=\"d-flex justify-content-center p-1\"><div class=\"spinner-border text-primary \" role=\"status\" style=\"width:3rem;height:3rem\"><span class=\"visually-hidden\">Chargement&#8230;<\/span><\/div><\/div><\/div><\/div><div class=\"col-12 col-sm-6 col-lg\"><div><div class=\"d-flex justify-content-center p-1\"><div class=\"spinner-border text-primary \" role=\"status\" style=\"width:3rem;height:3rem\"><span class=\"visually-hidden\">Chargement&#8230;<\/span><\/div><\/div><\/div><\/div><div class=\"col-12 col-sm-6 col-lg\"><div><div class=\"d-flex justify-content-center p-1\"><div class=\"spinner-border text-primary \" role=\"status\" style=\"width:3rem;height:3rem\"><span class=\"visually-hidden\">Chargement&#8230;<\/span><\/div><\/div><\/div><\/div><div class=\"col-12 col-sm-6 col-lg\"><div><div class=\"d-flex justify-content-center p-1\"><div class=\"spinner-border text-primary \" role=\"status\" style=\"width:3rem;height:3rem\"><span class=\"visually-hidden\">Chargement&#8230;<\/span><\/div><\/div><\/div><\/div><\/div><\/div><\/div><\/div>\n\n<div class=\"tbk-hydrate-component\" data-cid=\"5d5d35c2-bc6c-43fc-8d8a-73eb4dfbd612\" data-component=\"Spacer\"><div class=\"calian-spacer wp-block-calian-com-components-calian-spacer\"><\/div><\/div>\n\n<h2 class=\"wp-block-heading has-text-align-center\">Processus de r\u00e9ponse aux incidents<\/h2>\n\n<div class=\"tbk-hydrate-component\" data-cid=\"5d5d35c2-bc6c-43fc-8d8a-73eb4dfbd612\" data-component=\"Spacer\"><div class=\"calian-spacer wp-block-calian-com-components-calian-spacer\"><\/div><\/div>\n\n<div class=\"tbk-hydrate-component\" data-cid=\"f4f64dff-1e5c-4a83-8c09-65b510bfdbb1\" data-component=\"AlternatingTextAndImages\"><div class=\"calian-alternating-text-and-images overflow-hidden wp-block-calian-com-components-calian-alternating-text-and-images\"><div class=\"calian-alternating-text-and-images__container container-fluid\"><div class=\"\"><div class=\"row gx-md-6 justify-content-lg-start justify-content-lg-start mb-3 mb-md-9\"><div class=\"col-12 col-md mb-3\"><img loading=\"lazy\" decoding=\"async\" src=\"https:\/\/sites.calian.com\/app\/uploads\/sites\/10\/2024\/02\/Digital-Security-Authentication-1024x683.jpg\" alt=\"Image d'une empreinte digitale sur un circuit imprim&#xE9;.\" width=\"1024\" height=\"683\" class=\"rounded-5 img-fluid w-100 h-250px h-md-373px object-fit-cover\"\/><\/div><div class=\"col-12 col-md\"><h3>Avant un incident<\/h3><div class=\"calian-alternating-text-and-images__text mb-3\">L&#8217;\u00e9quipe de r\u00e9ponse aux incidents de Calian est compos\u00e9e de professionnels comp\u00e9tents en mati\u00e8re de cybers\u00e9curit\u00e9 qui sont form\u00e9s pour faire face \u00e0 un large \u00e9ventail de cybermenaces et d&#8217;attaques avant m\u00eame qu&#8217;un incident ne se produise. Les services de Calian en mati\u00e8re de r\u00e9ponse aux incidents comprennent une pr\u00e9paration et des proc\u00e9dures approfondies pour chaque site participant afin de s&#8217;assurer que votre organisation est pr\u00eate \u00e0 l&#8217;avance en cas d&#8217;attaque.\n<p><strong>Calian le fera en :<\/strong><\/p>\n<ul>\n  <li>\u00c9laborant un plan d&#8217;intervention d\u00e9taill\u00e9 en cas d&#8217;incident <\/li>\n  <li>D\u00e9veloppant des manuels <\/li>\n  <li>Effectuant des simulations de ran\u00e7ongiciels<\/li>\n  <li>Organisant des exercices de simulation<\/li>\n  <li>Effectuant un exercice de mod\u00e9lisation des menaces et en comprenant les contr\u00f4les de d\u00e9tection et de pr\u00e9vention<\/li>\n  <li>Contribuant \u00e0 la conception et \u00e0 l&#8217;architecture de la s\u00e9curit\u00e9<\/li>\n<\/ul><\/div><div class=\"calian-alternating-text-and-images__ctas mb-3 d-flex flex-wrap gap-3\"><a href=\"https:\/\/www.calian.com\/digital-cyber\/brochures\/ir-tabletop-exercise\/\" class=\"btn btn-primary\" target=\"_blank\" rel=\"noreferrer noopener\">T\u00e9l\u00e9charger la brochure<\/a><\/div><\/div><\/div><div class=\"row gx-md-6 justify-content-lg-start flex-row-reverse justify-content-lg-between mb-3 mb-md-9\"><div class=\"col-12 col-md mb-3\"><img loading=\"lazy\" decoding=\"async\" src=\"https:\/\/sites.calian.com\/app\/uploads\/sites\/10\/2024\/02\/iStock-1457980906.jpg\" alt=\"\" width=\"1024\" height=\"683\" class=\"rounded-5 img-fluid w-100 h-250px h-md-373px object-fit-cover\"\/><\/div><div class=\"col-12 col-md\"><h3>Lors d&#8217;un incident  <\/h3><div class=\"calian-alternating-text-and-images__text mb-3\">Pour qu&#8217;une \u00e9quipe d&#8217;intervention en cas d&#8217;incident soit efficace, elle doit travailler en parfaite collaboration. L&#8217;\u00e9quipe de r\u00e9ponse aux incidents de Calian se compose d&#8217;un coach en cas de violation, d&#8217;une \u00e9quipe de confinement des incidents et de criminalistique, de chasseurs de menaces et d&#8217;une \u00e9quipe de restauration des syst\u00e8mes &#8211; avec des d\u00e9cennies d&#8217;exp\u00e9rience en mati\u00e8re d&#8217;att\u00e9nuation des incidents de cybers\u00e9curit\u00e9.  \n<p>Le contrat d&#8217;intervention en cas d&#8217;incident de Calian permet aux clients d&#8217;avoir l&#8217;esprit tranquille, sachant qu&#8217;ils disposent d&#8217;un partenaire exp\u00e9riment\u00e9 et efficace qui peut se mobiliser imm\u00e9diatement pour les aider en cas d&#8217;incident. Notre \u00e9quipe d&#8217;intervention en cas d&#8217;incident est compos\u00e9e :<\/p>\n<ul>\n  <li>D&#8217;une \u00e9quipe charg\u00e9e de la direction g\u00e9n\u00e9rale, de l&#8217;assistance d&#8217;un conseiller juridique tiers et de la n\u00e9gociation de la ran\u00e7on<\/li>\n  <li>D&#8217;une \u00e9quipe qui travaille avec le personnel tactique &#8211; y compris les fournisseurs de services avec lesquels le client travaille, l&#8217;\u00e9quipe informatique interne et l&#8217;\u00e9quipe de s\u00e9curit\u00e9.<\/li>\n  <li>D&#8217;une \u00e9quipe charg\u00e9e de collaborer avec les \u00e9quipes charg\u00e9es des syst\u00e8mes et de la criminalistique<\/li>\n<\/ul><\/div><div class=\"calian-alternating-text-and-images__ctas mb-3 d-flex flex-wrap gap-3\"><a href=\"https:\/\/www.calian.com\/digital-cyber\/brochures\/ir-tabletop-exercise\/\" class=\"btn btn-primary\" target=\"_blank\" rel=\"noreferrer noopener\">T\u00e9l\u00e9charger la brochure<\/a><\/div><\/div><\/div><div class=\"row gx-md-6 justify-content-lg-start justify-content-lg-start\"><div class=\"col-12 col-md mb-3\"><img loading=\"lazy\" decoding=\"async\" src=\"https:\/\/sites.calian.com\/app\/uploads\/sites\/10\/2024\/02\/Programmer-typing-cybersecurity-1024x683.jpg\" alt=\"Un programmeur tape sur un ordinateur portable qui passe les contr&#xF4;les de s&#xE9;curit&#xE9; de la cybers&#xE9;curit&#xE9;.\" width=\"1024\" height=\"683\" class=\"rounded-5 img-fluid w-100 h-250px h-md-373px object-fit-cover\"\/><\/div><div class=\"col-12 col-md\"><h3>Apr\u00e8s un incident<\/h3><div class=\"calian-alternating-text-and-images__text mb-3\">  Une fois qu&#8217;un incident s&#8217;est produit et a \u00e9t\u00e9 r\u00e9solu, l&#8217;\u00e9quipe de r\u00e9ponse \u00e0 l&#8217;incident de Calian proc\u00e8de \u00e0 un examen apr\u00e8s action (AAR). Le processus AAR permet de d\u00e9terminer quelles vuln\u00e9rabilit\u00e9s ont \u00e9t\u00e9 exploit\u00e9es, comment l&#8217;\u00e9quipe de cybers\u00e9curit\u00e9 interne de l&#8217;organisation a r\u00e9agi et quelles am\u00e9liorations doivent \u00eatre apport\u00e9es pour \u00e9viter un nouvel incident.  \n<p>L&#8217;\u00e9quipe de r\u00e9ponse aux incidents de Calian fournit un rapport complet qui d\u00e9crit les \u00e9tapes n\u00e9cessaires pour assurer une d\u00e9fense solide de la cybers\u00e9curit\u00e9 qui emp\u00eachera de futurs incidents de cybers\u00e9curit\u00e9.<\/p><\/div><div class=\"calian-alternating-text-and-images__ctas mb-3 d-flex flex-wrap gap-3\"><a href=\"https:\/\/www.calian.com\/digital-cyber\/brochures\/ir-tabletop-exercise\/\" class=\"btn btn-primary\" target=\"_blank\" rel=\"noreferrer noopener\">T\u00e9l\u00e9chargez la brochure  <\/a><\/div><\/div><\/div><\/div><\/div><\/div><\/div>\n\n<div class=\"tbk-hydrate-component\" data-cid=\"5d5d35c2-bc6c-43fc-8d8a-73eb4dfbd612\" data-component=\"Spacer\"><div class=\"calian-spacer wp-block-calian-com-components-calian-spacer\"><\/div><\/div>\n\n<div class=\"tbk-hydrate-component\" data-cid=\"2a05d7ea-ec6a-486f-8300-f386655f0456\" data-component=\"CTABar\"><div class=\"calian-cta-bar theme-dark wp-block-calian-com-components-calian-cta-bar\"><div class=\"calian-cta-bar__container container-fluid\"><div class=\"calian-cta-bar__horizontal container-fluid\"><div class=\"row\"><div class=\"calian-cta-bar__horizontal--left col-12 col-lg-3 col-xl-2\"><div class=\"calian-cta-bar__horizontal--logo\"><img loading=\"lazy\" decoding=\"async\" src=\"https:\/\/sites.calian.com\/app\/dist\/CalianCTABar-PlaceholderTwo-SXFFARGP.png\" alt=\"\" width=\"180\" height=\"65\" class=\"w-100 h-auto\"\/><\/div><\/div><div class=\"calian-cta-bar__horizontal--center col-12 col-lg-6 col-xl-7\"><div class=\"calian-cta-bar__horizontal--text\"><p>Obtenez votre \u00e9valuation de la vuln\u00e9rabilit\u00e9 et s\u00e9curisez votre lieu de travail d\u00e8s aujourd&#8217;hui.<\/p><\/div><\/div><div class=\"calian-cta-bar__horizontal--right col-12 col-lg-3 col-xl-3\"><div class=\"calian-cta-bar__horizontal--button\"><a href=\"#contact-form\" class=\"btn\">D\u00e9buter l&#8217;\u00e9valuation<\/a><\/div><\/div><\/div><\/div><\/div><\/div><\/div>\n\n<div class=\"tbk-hydrate-component\" data-cid=\"5d5d35c2-bc6c-43fc-8d8a-73eb4dfbd612\" data-component=\"Spacer\"><div class=\"calian-spacer wp-block-calian-com-components-calian-spacer\"><\/div><\/div>\n<!-- wp:block null -->\n<div class=\"tbk-hydrate-component\"><div id=\"anchor-form\" class=\"calian-spacer wp-block-calian-com-components-calian-spacer\"><\/div><\/div>\n<!-- \/wp:block --><!-- wp:block null -->\n<div class=\"tbk-hydrate-component\"><div class=\"calian-spacer wp-block-calian-com-components-calian-spacer\"><\/div><\/div>\n<!-- \/wp:calian-com-components\/calian-spacer --><!-- wp:block null -->\n<div class=\"tbk-hydrate-component\"><div class=\"calian-spacer wp-block-calian-com-components-calian-spacer\"><\/div><\/div>\n<!-- \/wp:calian-com-components\/calian-spacer --><!-- wp:block null -->\n<div class=\"tbk-hydrate-component\"><div class=\"calian-spacer wp-block-calian-com-components-calian-spacer\"><\/div><\/div>\n<!-- \/wp:calian-com-components\/calian-spacer -->","protected":false},"excerpt":{"rendered":"<p>Services de r\u00e9ponse aux incidents <\/p>\n<p class=\"main-hero-video__description text-white subheading mb-5\"> R\u00e9duisez l&#8217;impact des cyberincidents sur votre organisation gr\u00e2ce aux services avanc\u00e9s de r\u00e9ponse aux incidents de Calian. <\/p>\n<p> <a href=\"#contact-form\" class=\"btn btn-secondary\"> Explorer les solutions personnalis\u00e9es <\/a> Rationalisation de la cybers\u00e9curit\u00e9 gr\u00e2ce au contr\u00f4le des dommages et \u00e0 la r\u00e9cup\u00e9ration rapide Les services de r\u00e9ponse aux incidents de Calian jouent &hellip;<\/p>\n","protected":false},"author":7592,"featured_media":0,"parent":7997,"menu_order":113,"comment_status":"closed","ping_status":"closed","template":"","meta":{"_acf_changed":false,"content-type":"","footnotes":""},"solution":[103],"industry":[92,93,94,97,95,96,99],"type_classification":[110],"class_list":["post-8033","page","type-page","status-publish","hentry","solution-cybersecurite","industry-communications-et-medias","industry-defense-et-armee","industry-energie-ressources-et-environnement","industry-fabrication","industry-gouvernement-et-service-public","industry-sante","industry-securite-publique","type_classification-solution-fr"],"acf":[],"yoast_head":"<!-- This site is optimized with the Yoast SEO plugin v26.4 - https:\/\/yoast.com\/wordpress\/plugins\/seo\/ -->\n<title>Services de r\u00e9ponse aux incidents - Digital &amp; Cyber | Calian<\/title>\n<meta name=\"description\" content=\"R\u00e9agissez rapidement et efficacement aux cyberincidents gr\u00e2ce aux services de r\u00e9ponse aux incidents de Calian. Surmontez les cyberd\u00e9fis en toute confiance.\" \/>\n<meta name=\"robots\" content=\"index, follow, max-snippet:-1, max-image-preview:large, max-video-preview:-1\" \/>\n<link rel=\"canonical\" href=\"https:\/\/www.calian.com\/digital-cyber\/fr\/cybersecurite\/incident-response-services\/\" \/>\n<meta property=\"og:locale\" content=\"fr_CA\" \/>\n<meta property=\"og:type\" content=\"article\" \/>\n<meta property=\"og:title\" content=\"Services de r\u00e9ponse aux incidents - Digital &amp; Cyber | Calian\" \/>\n<meta property=\"og:description\" content=\"R\u00e9agissez rapidement et efficacement aux cyberincidents gr\u00e2ce aux services de r\u00e9ponse aux incidents de Calian. Surmontez les cyberd\u00e9fis en toute confiance.\" \/>\n<meta property=\"og:url\" content=\"https:\/\/www.calian.com\/digital-cyber\/fr\/cybersecurite\/incident-response-services\/\" \/>\n<meta property=\"og:site_name\" content=\"Solutions informatiques et cybern\u00e9tiques\" \/>\n<meta property=\"article:modified_time\" content=\"2025-06-03T14:58:36+00:00\" \/>\n<meta property=\"og:image\" content=\"https:\/\/sites.calian.com\/app\/uploads\/sites\/10\/2024\/02\/BusinessDevelopers-2200x1321.jpg\" \/>\n<meta name=\"twitter:card\" content=\"summary_large_image\" \/>\n<meta name=\"twitter:label1\" content=\"Est. reading time\" \/>\n\t<meta name=\"twitter:data1\" content=\"3 minutes\" \/>\n<script type=\"application\/ld+json\" class=\"yoast-schema-graph\">{\"@context\":\"https:\/\/schema.org\",\"@graph\":[{\"@type\":\"WebPage\",\"@id\":\"https:\/\/www.calian.com\/digital-cyber\/fr\/cybersecurite\/incident-response-services\/\",\"url\":\"https:\/\/www.calian.com\/digital-cyber\/fr\/cybersecurite\/incident-response-services\/\",\"name\":\"Services de r\u00e9ponse aux incidents - Digital & Cyber | Calian\",\"isPartOf\":{\"@id\":\"https:\/\/www.calian.com\/digital-cyber\/fr\/#website\"},\"primaryImageOfPage\":{\"@id\":\"https:\/\/www.calian.com\/digital-cyber\/fr\/cybersecurite\/incident-response-services\/#primaryimage\"},\"image\":{\"@id\":\"https:\/\/www.calian.com\/digital-cyber\/fr\/cybersecurite\/incident-response-services\/#primaryimage\"},\"thumbnailUrl\":\"https:\/\/sites.calian.com\/app\/uploads\/sites\/10\/2024\/02\/BusinessDevelopers-2200x1321.jpg\",\"datePublished\":\"2024-02-14T22:10:31+00:00\",\"dateModified\":\"2025-06-03T14:58:36+00:00\",\"description\":\"R\u00e9agissez rapidement et efficacement aux cyberincidents gr\u00e2ce aux services de r\u00e9ponse aux incidents de Calian. Surmontez les cyberd\u00e9fis en toute confiance.\",\"breadcrumb\":{\"@id\":\"https:\/\/www.calian.com\/digital-cyber\/fr\/cybersecurite\/incident-response-services\/#breadcrumb\"},\"inLanguage\":\"fr-CA\",\"potentialAction\":[{\"@type\":\"ReadAction\",\"target\":[\"https:\/\/www.calian.com\/digital-cyber\/fr\/cybersecurite\/incident-response-services\/\"]}]},{\"@type\":\"ImageObject\",\"inLanguage\":\"fr-CA\",\"@id\":\"https:\/\/www.calian.com\/digital-cyber\/fr\/cybersecurite\/incident-response-services\/#primaryimage\",\"url\":\"https:\/\/sites.calian.com\/app\/uploads\/sites\/10\/2024\/02\/BusinessDevelopers-2200x1321.jpg\",\"contentUrl\":\"https:\/\/sites.calian.com\/app\/uploads\/sites\/10\/2024\/02\/BusinessDevelopers-2200x1321.jpg\"},{\"@type\":\"BreadcrumbList\",\"@id\":\"https:\/\/www.calian.com\/digital-cyber\/fr\/cybersecurite\/incident-response-services\/#breadcrumb\",\"itemListElement\":[{\"@type\":\"ListItem\",\"position\":1,\"name\":\"Accueil\",\"item\":\"https:\/\/www.calian.com\/digital-cyber\/fr\/cybersecurite\/\"},{\"@type\":\"ListItem\",\"position\":2,\"name\":\"Services de r\u00e9ponse aux incidents\"}]},{\"@type\":\"WebSite\",\"@id\":\"https:\/\/www.calian.com\/digital-cyber\/fr\/#website\",\"url\":\"https:\/\/www.calian.com\/digital-cyber\/fr\/\",\"name\":\"Solutions informatiques et cybern\u00e9tiques\",\"description\":\"\",\"publisher\":{\"@id\":\"https:\/\/www.calian.com\/digital-cyber\/fr\/#organization\"},\"potentialAction\":[{\"@type\":\"SearchAction\",\"target\":{\"@type\":\"EntryPoint\",\"urlTemplate\":\"https:\/\/www.calian.com\/digital-cyber\/fr\/?s={search_term_string}\"},\"query-input\":{\"@type\":\"PropertyValueSpecification\",\"valueRequired\":true,\"valueName\":\"search_term_string\"}}],\"inLanguage\":\"fr-CA\"},{\"@type\":\"Organization\",\"@id\":\"https:\/\/www.calian.com\/digital-cyber\/fr\/#organization\",\"name\":\"Calian Group Ltd.\",\"url\":\"https:\/\/www.calian.com\/digital-cyber\/fr\/\",\"logo\":{\"@type\":\"ImageObject\",\"inLanguage\":\"fr-CA\",\"@id\":\"https:\/\/www.calian.com\/digital-cyber\/fr\/#\/schema\/logo\/image\/\",\"url\":\"https:\/\/sites.calian.com\/app\/uploads\/sites\/10\/2026\/01\/2026-Logo-Calian-EN-RGB-DIGITAL-1.svg\",\"contentUrl\":\"https:\/\/sites.calian.com\/app\/uploads\/sites\/10\/2026\/01\/2026-Logo-Calian-EN-RGB-DIGITAL-1.svg\",\"width\":977,\"height\":648,\"caption\":\"Calian Group Ltd.\"},\"image\":{\"@id\":\"https:\/\/www.calian.com\/digital-cyber\/fr\/#\/schema\/logo\/image\/\"}}]}<\/script>\n<!-- \/ Yoast SEO plugin. -->","yoast_head_json":{"title":"Services de r\u00e9ponse aux incidents - Digital & Cyber | Calian","description":"R\u00e9agissez rapidement et efficacement aux cyberincidents gr\u00e2ce aux services de r\u00e9ponse aux incidents de Calian. Surmontez les cyberd\u00e9fis en toute confiance.","robots":{"index":"index","follow":"follow","max-snippet":"max-snippet:-1","max-image-preview":"max-image-preview:large","max-video-preview":"max-video-preview:-1"},"canonical":"https:\/\/www.calian.com\/digital-cyber\/fr\/cybersecurite\/incident-response-services\/","og_locale":"fr_CA","og_type":"article","og_title":"Services de r\u00e9ponse aux incidents - Digital & Cyber | Calian","og_description":"R\u00e9agissez rapidement et efficacement aux cyberincidents gr\u00e2ce aux services de r\u00e9ponse aux incidents de Calian. Surmontez les cyberd\u00e9fis en toute confiance.","og_url":"https:\/\/www.calian.com\/digital-cyber\/fr\/cybersecurite\/incident-response-services\/","og_site_name":"Solutions informatiques et cybern\u00e9tiques","article_modified_time":"2025-06-03T14:58:36+00:00","og_image":[{"url":"https:\/\/sites.calian.com\/app\/uploads\/sites\/10\/2024\/02\/BusinessDevelopers-2200x1321.jpg","type":"","width":"","height":""}],"twitter_card":"summary_large_image","twitter_misc":{"Est. reading time":"3 minutes"},"schema":{"@context":"https:\/\/schema.org","@graph":[{"@type":"WebPage","@id":"https:\/\/www.calian.com\/digital-cyber\/fr\/cybersecurite\/incident-response-services\/","url":"https:\/\/www.calian.com\/digital-cyber\/fr\/cybersecurite\/incident-response-services\/","name":"Services de r\u00e9ponse aux incidents - Digital & Cyber | Calian","isPartOf":{"@id":"https:\/\/www.calian.com\/digital-cyber\/fr\/#website"},"primaryImageOfPage":{"@id":"https:\/\/www.calian.com\/digital-cyber\/fr\/cybersecurite\/incident-response-services\/#primaryimage"},"image":{"@id":"https:\/\/www.calian.com\/digital-cyber\/fr\/cybersecurite\/incident-response-services\/#primaryimage"},"thumbnailUrl":"https:\/\/sites.calian.com\/app\/uploads\/sites\/10\/2024\/02\/BusinessDevelopers-2200x1321.jpg","datePublished":"2024-02-14T22:10:31+00:00","dateModified":"2025-06-03T14:58:36+00:00","description":"R\u00e9agissez rapidement et efficacement aux cyberincidents gr\u00e2ce aux services de r\u00e9ponse aux incidents de Calian. Surmontez les cyberd\u00e9fis en toute confiance.","breadcrumb":{"@id":"https:\/\/www.calian.com\/digital-cyber\/fr\/cybersecurite\/incident-response-services\/#breadcrumb"},"inLanguage":"fr-CA","potentialAction":[{"@type":"ReadAction","target":["https:\/\/www.calian.com\/digital-cyber\/fr\/cybersecurite\/incident-response-services\/"]}]},{"@type":"ImageObject","inLanguage":"fr-CA","@id":"https:\/\/www.calian.com\/digital-cyber\/fr\/cybersecurite\/incident-response-services\/#primaryimage","url":"https:\/\/sites.calian.com\/app\/uploads\/sites\/10\/2024\/02\/BusinessDevelopers-2200x1321.jpg","contentUrl":"https:\/\/sites.calian.com\/app\/uploads\/sites\/10\/2024\/02\/BusinessDevelopers-2200x1321.jpg"},{"@type":"BreadcrumbList","@id":"https:\/\/www.calian.com\/digital-cyber\/fr\/cybersecurite\/incident-response-services\/#breadcrumb","itemListElement":[{"@type":"ListItem","position":1,"name":"Accueil","item":"https:\/\/www.calian.com\/digital-cyber\/fr\/cybersecurite\/"},{"@type":"ListItem","position":2,"name":"Services de r\u00e9ponse aux incidents"}]},{"@type":"WebSite","@id":"https:\/\/www.calian.com\/digital-cyber\/fr\/#website","url":"https:\/\/www.calian.com\/digital-cyber\/fr\/","name":"Solutions informatiques et cybern\u00e9tiques","description":"","publisher":{"@id":"https:\/\/www.calian.com\/digital-cyber\/fr\/#organization"},"potentialAction":[{"@type":"SearchAction","target":{"@type":"EntryPoint","urlTemplate":"https:\/\/www.calian.com\/digital-cyber\/fr\/?s={search_term_string}"},"query-input":{"@type":"PropertyValueSpecification","valueRequired":true,"valueName":"search_term_string"}}],"inLanguage":"fr-CA"},{"@type":"Organization","@id":"https:\/\/www.calian.com\/digital-cyber\/fr\/#organization","name":"Calian Group Ltd.","url":"https:\/\/www.calian.com\/digital-cyber\/fr\/","logo":{"@type":"ImageObject","inLanguage":"fr-CA","@id":"https:\/\/www.calian.com\/digital-cyber\/fr\/#\/schema\/logo\/image\/","url":"https:\/\/sites.calian.com\/app\/uploads\/sites\/10\/2026\/01\/2026-Logo-Calian-EN-RGB-DIGITAL-1.svg","contentUrl":"https:\/\/sites.calian.com\/app\/uploads\/sites\/10\/2026\/01\/2026-Logo-Calian-EN-RGB-DIGITAL-1.svg","width":977,"height":648,"caption":"Calian Group Ltd."},"image":{"@id":"https:\/\/www.calian.com\/digital-cyber\/fr\/#\/schema\/logo\/image\/"}}]}},"_links":{"self":[{"href":"https:\/\/itcs.calian.com\/fr\/wp-json\/wp\/v2\/pages\/8033","targetHints":{"allow":["GET"]}}],"collection":[{"href":"https:\/\/itcs.calian.com\/fr\/wp-json\/wp\/v2\/pages"}],"about":[{"href":"https:\/\/itcs.calian.com\/fr\/wp-json\/wp\/v2\/types\/page"}],"author":[{"embeddable":true,"href":"https:\/\/itcs.calian.com\/fr\/wp-json\/wp\/v2\/users\/7592"}],"replies":[{"embeddable":true,"href":"https:\/\/itcs.calian.com\/fr\/wp-json\/wp\/v2\/comments?post=8033"}],"version-history":[{"count":78,"href":"https:\/\/itcs.calian.com\/fr\/wp-json\/wp\/v2\/pages\/8033\/revisions"}],"predecessor-version":[{"id":17579,"href":"https:\/\/itcs.calian.com\/fr\/wp-json\/wp\/v2\/pages\/8033\/revisions\/17579"}],"up":[{"embeddable":true,"href":"https:\/\/itcs.calian.com\/fr\/wp-json\/wp\/v2\/pages\/7997"}],"wp:attachment":[{"href":"https:\/\/itcs.calian.com\/fr\/wp-json\/wp\/v2\/media?parent=8033"}],"wp:term":[{"taxonomy":"solution","embeddable":true,"href":"https:\/\/itcs.calian.com\/fr\/wp-json\/wp\/v2\/solution?post=8033"},{"taxonomy":"industry","embeddable":true,"href":"https:\/\/itcs.calian.com\/fr\/wp-json\/wp\/v2\/industry?post=8033"},{"taxonomy":"type_classification","embeddable":true,"href":"https:\/\/itcs.calian.com\/fr\/wp-json\/wp\/v2\/type_classification?post=8033"}],"curies":[{"name":"wp","href":"https:\/\/api.w.org\/{rel}","templated":true}]}}