{"id":8020,"date":"2024-01-25T18:00:09","date_gmt":"2024-01-25T23:00:09","guid":{"rendered":"https:\/\/www.calian.com\/digital-cyber\/managed-it-services\/"},"modified":"2025-02-18T18:14:26","modified_gmt":"2025-02-18T23:14:26","slug":"services-informatiques-geres","status":"publish","type":"page","link":"https:\/\/www.calian.com\/digital-cyber\/fr\/services-informatiques-geres\/","title":{"rendered":"Services informatiques g\u00e9r\u00e9s"},"content":{"rendered":"\n<div class=\"tbk-hydrate-component\" data-cid=\"411c51dc-c3ed-4d5b-95ad-1598f195d997\" data-component=\"Hero\"><section class=\"calian-hero d-flex h-100 position-relative overflow-hidden nav-indent wp-block-calian-com-components-calian-hero media-position-wallpaper overlay-themed breadcrumbs-hidden\"><div class=\"container\"><a href=\"#\" class=\"calian-hero__play-pause d-flex align-items-center text-decoration-none d-block m-2 p-2 position-absolute z-3 text-left text-white\"><i class=\"icon icon-pause\"><\/i><span class=\"d-block ms-2\">Pause<\/span><\/a><div class=\"row\"><div class=\"calian-hero__content d-flex col-lg flex-column pb-3 justify-content-center mx-auto h-100 text-center\"><div class=\"calian-hero__copy-wrapper\"><h1 class=\"calian-hero__heading text-white\">Services informatiques g\u00e9r\u00e9s<\/h1><div class=\"calian-hero__text text-white mt-2 mb-4\">&nbsp;En tant que fournisseur de services g\u00e9r\u00e9s (MSP) exp\u00e9riment\u00e9, Calian permet \u00e0 votre organisation de se d\u00e9charger d&#8217;un large \u00e9ventail de t\u00e2ches informatiques telles que la gestion de r\u00e9seau, la sauvegarde et la r\u00e9cup\u00e9ration de donn\u00e9es, la cybers\u00e9curit\u00e9, l&#8217;informatique en nuage et bien plus encore. Les services informatiques g\u00e9r\u00e9s de Calian r\u00e9duisent le besoin de personnel informatique interne et les frais g\u00e9n\u00e9raux associ\u00e9s, tout en fournissant un acc\u00e8s aux derni\u00e8res technologies, garantissant ainsi que votre infrastructure informatique est \u00e0 jour et s\u00e9curis\u00e9e.&nbsp;<\/div><a href=\"#contact-form\" class=\"btn btn-light mb-4 mt-3\">Commencer d\u00e8s aujourd&#x27;hui<\/a><\/div><\/div><div class=\"calian-hero__media col-md w-100 h-100 media-style-wallpaper position-absolute opacity-25 top-0 start-0 p-0\"><div class=\"media-wrapper ml-auto mr-0 w-100 h-100\"><video class=\"calian-hero__video position-absolute h-100 w-100 start-0 top-0 z-2\" autoplay=\"\" muted=\"\" loop=\"\" src=\"http:\/\/localhost\/dev\/calian.com\/src\/app\/uploads\/sites\/4\/2023\/08\/video-540p.mp4\"><\/video><div class=\"advanced-image w-100 h-100\"><img loading=\"lazy\" decoding=\"async\" src=\"https:\/\/sites.calian.com\/app\/uploads\/sites\/10\/2024\/02\/Hero-1440x1380-cloud.jpg\" alt=\"A blue lines and dots.\" width=\"800\" height=\"800\" class=\"calian-hero__image\"\/><\/div><\/div><\/div><\/div><\/div><div class=\"calian-hero__overlay overlay-video position-absolute w-100 h-100 top-0 start-0 has-image has-video\"><\/div><span><\/span><\/section><\/div>\n\n\n\n<div class=\"tbk-hydrate-component\" data-cid=\"a6c91257-5aa5-4b88-940f-47539c036081\" data-component=\"StatsBar\"><div class=\"calian-stats-bar calian-stats-bar--inverted theme-dark wp-block-calian-com-components-calian-stats-bar\"><div class=\"container-fluid layout-simple\"><div class=\"row mw-1830px mx-auto\"><div class=\"col-12 col-sm-6 col-lg\"><div><div class=\"d-flex justify-content-center p-1\"><div class=\"spinner-border text-primary \" role=\"status\" style=\"width:3rem;height:3rem\"><span class=\"visually-hidden\">Chargement&#8230;<\/span><\/div><\/div><\/div><\/div><div class=\"col-12 col-sm-6 col-lg\"><div><div class=\"d-flex justify-content-center p-1\"><div class=\"spinner-border text-primary \" role=\"status\" style=\"width:3rem;height:3rem\"><span class=\"visually-hidden\">Chargement&#8230;<\/span><\/div><\/div><\/div><\/div><div class=\"col-12 col-sm-6 col-lg\"><div><div class=\"d-flex justify-content-center p-1\"><div class=\"spinner-border text-primary \" role=\"status\" style=\"width:3rem;height:3rem\"><span class=\"visually-hidden\">Chargement&#8230;<\/span><\/div><\/div><\/div><\/div><div class=\"col-12 col-sm-6 col-lg\"><div><div class=\"d-flex justify-content-center p-1\"><div class=\"spinner-border text-primary \" role=\"status\" style=\"width:3rem;height:3rem\"><span class=\"visually-hidden\">Chargement&#8230;<\/span><\/div><\/div><\/div><\/div><\/div><\/div><\/div><\/div>\n\n\n\n<div class=\"tbk-hydrate-component\" data-cid=\"63d07310-7284-4bda-affe-5b5a88448f0d\" data-component=\"Spacer\"><div class=\"calian-spacer wp-block-calian-com-components-calian-spacer\"><\/div><\/div>\n\n\n\n<div class=\"tbk-hydrate-component\" data-cid=\"9d026ef4-dba2-4202-8c45-82a9334c8ae6\" data-component=\"AlternatingTextAndImages\"><div class=\"calian-alternating-text-and-images overflow-hidden wp-block-calian-com-components-calian-alternating-text-and-images\"><div class=\"calian-alternating-text-and-images__container container-fluid\"><div class=\"\"><div class=\"row gx-md-6 justify-content-lg-start justify-content-lg-start mb-3 mb-md-9\"><div class=\"col-12 col-md mb-3\"><img loading=\"lazy\" decoding=\"async\" src=\"https:\/\/sites.calian.com\/app\/uploads\/sites\/10\/2023\/12\/AdobeStock_310499527-1024x435.jpeg\" alt=\"A blue background with lines and dots.\" width=\"1024\" height=\"435\" class=\"rounded-5 img-fluid w-100 h-250px h-md-373px object-fit-cover\"\/><\/div><div class=\"col-12 col-md\"><h3>Services en nuage g\u00e9r\u00e9s<\/h3><div class=\"calian-alternating-text-and-images__text mb-3\">Calian permet \u00e0 votre entreprise de b\u00e9n\u00e9ficier d&#8217;une technologie avanc\u00e9e et de solutions en nuage de pointe. Nos services en nuage public offrent des solutions strat\u00e9giques \u00e0 l&#8217;\u00e9preuve du temps pour les organisations, en donnant la priorit\u00e9 \u00e0 une connectivit\u00e9 constante et \u00e0 des performances \u00e9lev\u00e9es. Nos services en nuage priv\u00e9 et hybride garantissent que vos donn\u00e9es restent sous votre contr\u00f4le tout en offrant une gestion efficace de la charge de travail.<\/div><div class=\"calian-alternating-text-and-images__ctas mb-3 d-flex flex-wrap gap-3\"><a href=\"https:\/\/www.calian.com\/digital-cyber\/fr\/services-informatiques-geres\/\" class=\"btn btn-primary\" target=\"_blank\" rel=\"noreferrer noopener\">En savoir plus<\/a><\/div><\/div><\/div><div class=\"row gx-md-6 flex-row-reverse justify-content-lg-between justify-content-lg-start mb-3 mb-md-9\"><div class=\"col-12 col-md mb-3\"><img loading=\"lazy\" decoding=\"async\" src=\"https:\/\/sites.calian.com\/app\/uploads\/sites\/10\/2024\/02\/iStock-1316574164-1024x576.jpeg\" alt=\"A group of people in a control room.\" width=\"1024\" height=\"576\" class=\"rounded-5 img-fluid w-100 h-250px h-md-373px object-fit-cover\"\/><\/div><div class=\"col-12 col-md\"><h3>Externalisation du service d&#x27;assistance 24\/7<\/h3><div class=\"calian-alternating-text-and-images__text mb-3\">Offrez \u00e0 vos employ\u00e9s une exp\u00e9rience de travail fluide et sans probl\u00e8me, sans le stress li\u00e9 \u00e0 la dotation en personnel, \u00e0 la maintenance et \u00e0 la gestion de vos services informatiques et de communication. Nos centres d&#8217;exploitation ultramodernes assurent une surveillance 24 heures sur 24, 7 jours sur 7 et 365 jours par an, ce qui vous permet de vous concentrer sur ce qui compte le plus, votre entreprise. Nous vous aidons \u00e0 rester organis\u00e9, \u00e0 g\u00e9rer votre charge de travail et \u00e0 accomplir vos t\u00e2ches efficacement gr\u00e2ce \u00e0 des outils de bureautique simplifi\u00e9s dans le nuage.<\/div><div class=\"calian-alternating-text-and-images__ctas mb-3 d-flex flex-wrap gap-3\"><a href=\"https:\/\/www.calian.com\/digital-cyber\/fr\/services-informatiques-geres\/externalisation-du-service-d-assistance-24-7\/\" class=\"btn btn-primary\" target=\"_blank\" rel=\"noreferrer noopener\">En savoir plus<\/a><\/div><\/div><\/div><div class=\"row gx-md-6 justify-content-lg-start justify-content-lg-start\"><div class=\"col-12 col-md mb-3\"><img loading=\"lazy\" decoding=\"async\" src=\"https:\/\/sites.calian.com\/app\/uploads\/sites\/10\/2025\/02\/iStock-1316574154-1024x576.jpg\" alt=\"Three people work at a control room with multiple computer monitors and a large digital display showing complex data and graphs.\" width=\"1024\" height=\"576\" class=\"rounded-5 img-fluid w-100 h-250px h-md-373px object-fit-cover\"\/><\/div><div class=\"col-12 col-md\"><h3>S\u00e9curit\u00e9 XDR g\u00e9r\u00e9e<\/h3><div class=\"calian-alternating-text-and-images__text mb-3\">En travaillant aux c\u00f4t\u00e9s de votre \u00e9quipe, nos capacit\u00e9s de d\u00e9tection et de r\u00e9ponse \u00e9tendues (XDR) contribuent \u00e0 augmenter votre capacit\u00e9, \u00e0 am\u00e9liorer votre posture de s\u00e9curit\u00e9 et \u00e0 fournir la tranquillit\u00e9 d&#8217;esprit n\u00e9cessaire pour permettre \u00e0 votre \u00e9quipe de se concentrer sur sa principale responsabilit\u00e9 : vos clients. Nos services de formation sont l&#8217;occasion de former votre \u00e9quipe afin qu&#8217;elle puisse prot\u00e9ger votre infrastructure informatique contre la menace permanente des cyberattaques et corriger les failles de s\u00e9curit\u00e9 qui mettent votre r\u00e9seau en danger.<\/div><div class=\"calian-alternating-text-and-images__ctas mb-3 d-flex flex-wrap gap-3\"><a href=\"https:\/\/www.calian.com\/digital-cyber\/fr\/cybersecurite\/securite-geree-par-xdr\/\" class=\"btn btn-primary\" target=\"_blank\" rel=\"noreferrer noopener\">En savoir plus<\/a><\/div><\/div><\/div><\/div><\/div><\/div><\/div>\n\n\n\n<div class=\"tbk-hydrate-component\" data-cid=\"ca62d3d7-d7e7-4246-9463-f69fe8850382\" data-component=\"LogoBar\"><div><div class=\"d-flex justify-content-center p-1\"><div class=\"spinner-border text-primary \" role=\"status\" style=\"width:3rem;height:3rem\"><span class=\"visually-hidden\">Chargement&#8230;<\/span><\/div><\/div><\/div><\/div>\n\n<div class=\"tbk-hydrate-component\" data-cid=\"68cc0822-ee4b-4885-9ff3-da816b54deb0\" data-component=\"Spacer\"><div class=\"calian-spacer wp-block-calian-com-components-calian-spacer\"><\/div><\/div>\n\n\n\n<div class=\"tbk-hydrate-component\" data-cid=\"28e9d84f-0e18-40ec-84ce-563359be9395\" data-component=\"AlternatingTextAndImages\"><div class=\"calian-alternating-text-and-images overflow-hidden wp-block-calian-com-components-calian-alternating-text-and-images\"><div class=\"calian-alternating-text-and-images__container container-fluid\"><div class=\"\"><div class=\"row gx-md-6 justify-content-lg-start justify-content-lg-start mb-3 mb-md-9\"><div class=\"col-12 col-md mb-3\"><img loading=\"lazy\" decoding=\"async\" src=\"https:\/\/sites.calian.com\/app\/uploads\/sites\/10\/2025\/02\/iStock-1354205084-1024x576.jpg\" alt=\"Three people collaborate in an office with computer screens displaying code. The group appears focused, engaged in problem-solving. The setting is modern with glass walls and workstations.\" width=\"1024\" height=\"576\" class=\"rounded-5 img-fluid w-100 h-250px h-md-373px object-fit-cover\"\/><\/div><div class=\"col-12 col-md\"><h3>Gestion des actifs mat\u00e9riels<\/h3><div class=\"calian-alternating-text-and-images__text mb-3\">Calian suivra, contr\u00f4lera et g\u00e9rera les actifs mat\u00e9riels op\u00e9rationnels et sur le lieu de travail afin de garantir un \u00e9cosyst\u00e8me technologique s\u00fbr et conforme. Lorsque vous vous engagez avec nous, vous vous adressez \u00e0 des ing\u00e9nieurs certifi\u00e9s et exp\u00e9riment\u00e9s qui non seulement comprennent vos besoins, mais peuvent \u00e9galement fournir les bonnes solutions, de mani\u00e8re efficace et efficiente. Nous travaillons en toute transparence pour assurer la livraison de vos solutions, quel que soit l&#8217;endroit du monde o\u00f9 se trouve votre entreprise.<\/div><div class=\"calian-alternating-text-and-images__ctas mb-3 d-flex flex-wrap gap-3\"><a href=\"https:\/\/www.calian.com\/digital-cyber\/fr\/services-informatiques-geres\/gestion-des-actifs-materiels\/\" class=\"btn btn-primary\" target=\"_blank\" rel=\"noreferrer noopener\">En savoir plus<\/a><\/div><\/div><\/div><div class=\"row gx-md-6 flex-row-reverse justify-content-lg-between justify-content-lg-start\"><div class=\"col-12 col-md mb-3\"><img loading=\"lazy\" decoding=\"async\" src=\"https:\/\/sites.calian.com\/app\/uploads\/sites\/10\/2023\/12\/unified-communications-manager-group-of-people-at-work-1024x662.jpeg\" alt=\"A group of people looking at a laptop.\" width=\"1024\" height=\"662\" class=\"rounded-5 img-fluid w-100 h-250px h-md-373px object-fit-cover\"\/><\/div><div class=\"col-12 col-md\"><h3>Services du NOC<\/h3><div class=\"calian-alternating-text-and-images__text mb-3\">Les cinq centres d&#8217;op\u00e9rations r\u00e9seau (NOC) de Calian sont toujours disponibles pour assurer une performance et une agilit\u00e9 constantes et fiables en tout temps. Calian offre une fiabilit\u00e9 accrue du r\u00e9seau, une performance et une agilit\u00e9 accrues avec un si\u00e8ge mondial, une s\u00e9lection dynamique des chemins et un contr\u00f4le du trafic, ainsi qu&#8217;une approche puissante et unique de votre s\u00e9curit\u00e9.<\/div><div class=\"calian-alternating-text-and-images__ctas mb-3 d-flex flex-wrap gap-3\"><a href=\"https:\/\/www.calian.com\/digital-cyber\/fr\/services-informatiques-geres\/noc-services\/\" class=\"btn btn-primary\" target=\"_blank\" rel=\"noreferrer noopener\">En savoir plus<\/a><\/div><\/div><\/div><\/div><\/div><\/div><\/div>\n\n\n\n<div class=\"tbk-hydrate-component\" data-cid=\"ee0b7092-22a1-41a2-a62c-2a3a904a15f3\" data-component=\"MovingTiles\"><div class=\"calian-moving-tiles position-relative\"><div class=\"calian-moving-tiles__container position-relative pt-5 pb-9 py-lg-12 calian-moving-tiles__container--no-cta pb-lg-12\"><div class=\"calian-moving-tiles__content mx-auto position-relative z-2 px-3\"><h2 class=\"text-center\">Nous faisons progresser la technologie et la s\u00e9curit\u00e9<\/h2><div class=\"text-center\"><p>Calian propose une gamme de solutions personnalis\u00e9es pour assurer le bon fonctionnement de votre infrastructure informatique et prot\u00e9ger votre organisation contre les cyberattaques.<\/p><\/div><\/div><\/div><\/div><\/div>\n\n\n\n<div class=\"tbk-hydrate-component\" data-cid=\"bbb19bad-3efe-4266-82d4-dd78d40735a8\" data-component=\"Spacer\"><div class=\"calian-spacer wp-block-calian-com-components-calian-spacer\"><\/div><\/div>\n\n\n<!-- wp:block null -->\n<div class=\"tbk-hydrate-component\"><div id=\"anchor-form\" class=\"calian-spacer wp-block-calian-com-components-calian-spacer\"><\/div><\/div>\n<!-- \/wp:block --><!-- wp:block null -->\n<div class=\"tbk-hydrate-component\"><div class=\"calian-spacer wp-block-calian-com-components-calian-spacer\"><\/div><\/div>\n<!-- \/wp:calian-com-components\/calian-spacer --><!-- wp:block null -->\n<div class=\"tbk-hydrate-component\"><div class=\"calian-spacer wp-block-calian-com-components-calian-spacer\"><\/div><\/div>\n<!-- \/wp:calian-com-components\/calian-spacer --><!-- wp:block null -->\n<div class=\"tbk-hydrate-component\"><div class=\"calian-spacer wp-block-calian-com-components-calian-spacer\"><\/div><\/div>\n<!-- \/wp:calian-com-components\/calian-spacer -->","protected":false},"excerpt":{"rendered":"<p><a href=\"#\" class=\"calian-hero__play-pause d-flex align-items-center text-decoration-none d-block m-2 p-2 position-absolute z-3 text-left text-white\"> Pause <\/a> Services informatiques g\u00e9r\u00e9s &nbsp;En tant que fournisseur de services g\u00e9r\u00e9s (MSP) exp\u00e9riment\u00e9, Calian permet \u00e0 votre organisation de se d\u00e9charger d&#8217;un large \u00e9ventail de t\u00e2ches informatiques telles que la gestion de r\u00e9seau, la sauvegarde et la r\u00e9cup\u00e9ration de donn\u00e9es, la cybers\u00e9curit\u00e9, l&#8217;informatique en nuage et &hellip;<\/p>\n","protected":false},"author":1,"featured_media":6975,"parent":0,"menu_order":149,"comment_status":"closed","ping_status":"closed","template":"","meta":{"_acf_changed":false,"content-type":"","footnotes":""},"solution":[103,104],"industry":[92,94,97,95,96,99],"type_classification":[110],"class_list":["post-8020","page","type-page","status-publish","has-post-thumbnail","hentry","solution-cybersecurite","solution-informatique-dentreprise","industry-communications-et-medias","industry-energie-ressources-et-environnement","industry-fabrication","industry-gouvernement-et-service-public","industry-sante","industry-securite-publique","type_classification-solution-fr"],"acf":[],"yoast_head":"<!-- This site is optimized with the Yoast SEO plugin v26.4 - https:\/\/yoast.com\/wordpress\/plugins\/seo\/ -->\n<title>Services informatiques g\u00e9r\u00e9s - Digital &amp; Cyber | Calian<\/title>\n<meta name=\"description\" content=\"Renforcez votre entreprise gr\u00e2ce aux services informatiques g\u00e9r\u00e9s de Calian. Veillez \u00e0 ce que vos syst\u00e8mes fonctionnent sans heurts, ce qui vous permet de vous concentrer sur les fonctions essentielles de votre entreprise.\" \/>\n<meta name=\"robots\" content=\"index, follow, max-snippet:-1, max-image-preview:large, max-video-preview:-1\" \/>\n<link rel=\"canonical\" href=\"https:\/\/www.calian.com\/digital-cyber\/fr\/services-informatiques-geres\/\" \/>\n<meta property=\"og:locale\" content=\"fr_CA\" \/>\n<meta property=\"og:type\" content=\"article\" \/>\n<meta property=\"og:title\" content=\"Services informatiques g\u00e9r\u00e9s - Digital &amp; Cyber | Calian\" \/>\n<meta property=\"og:description\" content=\"Renforcez votre entreprise gr\u00e2ce aux services informatiques g\u00e9r\u00e9s de Calian. Veillez \u00e0 ce que vos syst\u00e8mes fonctionnent sans heurts, ce qui vous permet de vous concentrer sur les fonctions essentielles de votre entreprise.\" \/>\n<meta property=\"og:url\" content=\"https:\/\/www.calian.com\/digital-cyber\/fr\/services-informatiques-geres\/\" \/>\n<meta property=\"og:site_name\" content=\"Solutions informatiques et cybern\u00e9tiques\" \/>\n<meta property=\"article:modified_time\" content=\"2025-02-18T23:14:26+00:00\" \/>\n<meta property=\"og:image\" content=\"https:\/\/sites.calian.com\/app\/uploads\/sites\/10\/2024\/02\/Hero-1440x1380-cloud.jpg\" \/>\n\t<meta property=\"og:image:width\" content=\"800\" \/>\n\t<meta property=\"og:image:height\" content=\"800\" \/>\n\t<meta property=\"og:image:type\" content=\"image\/jpeg\" \/>\n<meta name=\"twitter:card\" content=\"summary_large_image\" \/>\n<meta name=\"twitter:label1\" content=\"Est. reading time\" \/>\n\t<meta name=\"twitter:data1\" content=\"4 minutes\" \/>\n<script type=\"application\/ld+json\" class=\"yoast-schema-graph\">{\"@context\":\"https:\/\/schema.org\",\"@graph\":[{\"@type\":\"WebPage\",\"@id\":\"https:\/\/www.calian.com\/digital-cyber\/fr\/services-informatiques-geres\/\",\"url\":\"https:\/\/www.calian.com\/digital-cyber\/fr\/services-informatiques-geres\/\",\"name\":\"Services informatiques g\u00e9r\u00e9s - Digital & Cyber | Calian\",\"isPartOf\":{\"@id\":\"https:\/\/www.calian.com\/digital-cyber\/fr\/#website\"},\"primaryImageOfPage\":{\"@id\":\"https:\/\/www.calian.com\/digital-cyber\/fr\/services-informatiques-geres\/#primaryimage\"},\"image\":{\"@id\":\"https:\/\/www.calian.com\/digital-cyber\/fr\/services-informatiques-geres\/#primaryimage\"},\"thumbnailUrl\":\"https:\/\/sites.calian.com\/app\/uploads\/sites\/10\/2024\/02\/Hero-1440x1380-cloud.jpg\",\"datePublished\":\"2024-01-25T23:00:09+00:00\",\"dateModified\":\"2025-02-18T23:14:26+00:00\",\"description\":\"Renforcez votre entreprise gr\u00e2ce aux services informatiques g\u00e9r\u00e9s de Calian. Veillez \u00e0 ce que vos syst\u00e8mes fonctionnent sans heurts, ce qui vous permet de vous concentrer sur les fonctions essentielles de votre entreprise.\",\"inLanguage\":\"fr-CA\",\"potentialAction\":[{\"@type\":\"ReadAction\",\"target\":[\"https:\/\/www.calian.com\/digital-cyber\/fr\/services-informatiques-geres\/\"]}]},{\"@type\":\"ImageObject\",\"inLanguage\":\"fr-CA\",\"@id\":\"https:\/\/www.calian.com\/digital-cyber\/fr\/services-informatiques-geres\/#primaryimage\",\"url\":\"https:\/\/sites.calian.com\/app\/uploads\/sites\/10\/2024\/02\/Hero-1440x1380-cloud.jpg\",\"contentUrl\":\"https:\/\/sites.calian.com\/app\/uploads\/sites\/10\/2024\/02\/Hero-1440x1380-cloud.jpg\",\"width\":800,\"height\":800,\"caption\":\"Des lignes et des points bleus.\"},{\"@type\":\"WebSite\",\"@id\":\"https:\/\/www.calian.com\/digital-cyber\/fr\/#website\",\"url\":\"https:\/\/www.calian.com\/digital-cyber\/fr\/\",\"name\":\"Solutions informatiques et cybern\u00e9tiques\",\"description\":\"\",\"publisher\":{\"@id\":\"https:\/\/www.calian.com\/digital-cyber\/fr\/#organization\"},\"potentialAction\":[{\"@type\":\"SearchAction\",\"target\":{\"@type\":\"EntryPoint\",\"urlTemplate\":\"https:\/\/www.calian.com\/digital-cyber\/fr\/?s={search_term_string}\"},\"query-input\":{\"@type\":\"PropertyValueSpecification\",\"valueRequired\":true,\"valueName\":\"search_term_string\"}}],\"inLanguage\":\"fr-CA\"},{\"@type\":\"Organization\",\"@id\":\"https:\/\/www.calian.com\/digital-cyber\/fr\/#organization\",\"name\":\"Calian Group Ltd.\",\"url\":\"https:\/\/www.calian.com\/digital-cyber\/fr\/\",\"logo\":{\"@type\":\"ImageObject\",\"inLanguage\":\"fr-CA\",\"@id\":\"https:\/\/www.calian.com\/digital-cyber\/fr\/#\/schema\/logo\/image\/\",\"url\":\"https:\/\/sites.calian.com\/app\/uploads\/sites\/10\/2026\/01\/2026-Logo-Calian-EN-RGB-DIGITAL-1.svg\",\"contentUrl\":\"https:\/\/sites.calian.com\/app\/uploads\/sites\/10\/2026\/01\/2026-Logo-Calian-EN-RGB-DIGITAL-1.svg\",\"width\":977,\"height\":648,\"caption\":\"Calian Group Ltd.\"},\"image\":{\"@id\":\"https:\/\/www.calian.com\/digital-cyber\/fr\/#\/schema\/logo\/image\/\"}}]}<\/script>\n<!-- \/ Yoast SEO plugin. -->","yoast_head_json":{"title":"Services informatiques g\u00e9r\u00e9s - Digital & Cyber | Calian","description":"Renforcez votre entreprise gr\u00e2ce aux services informatiques g\u00e9r\u00e9s de Calian. Veillez \u00e0 ce que vos syst\u00e8mes fonctionnent sans heurts, ce qui vous permet de vous concentrer sur les fonctions essentielles de votre entreprise.","robots":{"index":"index","follow":"follow","max-snippet":"max-snippet:-1","max-image-preview":"max-image-preview:large","max-video-preview":"max-video-preview:-1"},"canonical":"https:\/\/www.calian.com\/digital-cyber\/fr\/services-informatiques-geres\/","og_locale":"fr_CA","og_type":"article","og_title":"Services informatiques g\u00e9r\u00e9s - Digital & Cyber | Calian","og_description":"Renforcez votre entreprise gr\u00e2ce aux services informatiques g\u00e9r\u00e9s de Calian. Veillez \u00e0 ce que vos syst\u00e8mes fonctionnent sans heurts, ce qui vous permet de vous concentrer sur les fonctions essentielles de votre entreprise.","og_url":"https:\/\/www.calian.com\/digital-cyber\/fr\/services-informatiques-geres\/","og_site_name":"Solutions informatiques et cybern\u00e9tiques","article_modified_time":"2025-02-18T23:14:26+00:00","og_image":[{"width":800,"height":800,"url":"https:\/\/sites.calian.com\/app\/uploads\/sites\/10\/2024\/02\/Hero-1440x1380-cloud.jpg","type":"image\/jpeg"}],"twitter_card":"summary_large_image","twitter_misc":{"Est. reading time":"4 minutes"},"schema":{"@context":"https:\/\/schema.org","@graph":[{"@type":"WebPage","@id":"https:\/\/www.calian.com\/digital-cyber\/fr\/services-informatiques-geres\/","url":"https:\/\/www.calian.com\/digital-cyber\/fr\/services-informatiques-geres\/","name":"Services informatiques g\u00e9r\u00e9s - Digital & Cyber | Calian","isPartOf":{"@id":"https:\/\/www.calian.com\/digital-cyber\/fr\/#website"},"primaryImageOfPage":{"@id":"https:\/\/www.calian.com\/digital-cyber\/fr\/services-informatiques-geres\/#primaryimage"},"image":{"@id":"https:\/\/www.calian.com\/digital-cyber\/fr\/services-informatiques-geres\/#primaryimage"},"thumbnailUrl":"https:\/\/sites.calian.com\/app\/uploads\/sites\/10\/2024\/02\/Hero-1440x1380-cloud.jpg","datePublished":"2024-01-25T23:00:09+00:00","dateModified":"2025-02-18T23:14:26+00:00","description":"Renforcez votre entreprise gr\u00e2ce aux services informatiques g\u00e9r\u00e9s de Calian. Veillez \u00e0 ce que vos syst\u00e8mes fonctionnent sans heurts, ce qui vous permet de vous concentrer sur les fonctions essentielles de votre entreprise.","inLanguage":"fr-CA","potentialAction":[{"@type":"ReadAction","target":["https:\/\/www.calian.com\/digital-cyber\/fr\/services-informatiques-geres\/"]}]},{"@type":"ImageObject","inLanguage":"fr-CA","@id":"https:\/\/www.calian.com\/digital-cyber\/fr\/services-informatiques-geres\/#primaryimage","url":"https:\/\/sites.calian.com\/app\/uploads\/sites\/10\/2024\/02\/Hero-1440x1380-cloud.jpg","contentUrl":"https:\/\/sites.calian.com\/app\/uploads\/sites\/10\/2024\/02\/Hero-1440x1380-cloud.jpg","width":800,"height":800,"caption":"Des lignes et des points bleus."},{"@type":"WebSite","@id":"https:\/\/www.calian.com\/digital-cyber\/fr\/#website","url":"https:\/\/www.calian.com\/digital-cyber\/fr\/","name":"Solutions informatiques et cybern\u00e9tiques","description":"","publisher":{"@id":"https:\/\/www.calian.com\/digital-cyber\/fr\/#organization"},"potentialAction":[{"@type":"SearchAction","target":{"@type":"EntryPoint","urlTemplate":"https:\/\/www.calian.com\/digital-cyber\/fr\/?s={search_term_string}"},"query-input":{"@type":"PropertyValueSpecification","valueRequired":true,"valueName":"search_term_string"}}],"inLanguage":"fr-CA"},{"@type":"Organization","@id":"https:\/\/www.calian.com\/digital-cyber\/fr\/#organization","name":"Calian Group Ltd.","url":"https:\/\/www.calian.com\/digital-cyber\/fr\/","logo":{"@type":"ImageObject","inLanguage":"fr-CA","@id":"https:\/\/www.calian.com\/digital-cyber\/fr\/#\/schema\/logo\/image\/","url":"https:\/\/sites.calian.com\/app\/uploads\/sites\/10\/2026\/01\/2026-Logo-Calian-EN-RGB-DIGITAL-1.svg","contentUrl":"https:\/\/sites.calian.com\/app\/uploads\/sites\/10\/2026\/01\/2026-Logo-Calian-EN-RGB-DIGITAL-1.svg","width":977,"height":648,"caption":"Calian Group Ltd."},"image":{"@id":"https:\/\/www.calian.com\/digital-cyber\/fr\/#\/schema\/logo\/image\/"}}]}},"_links":{"self":[{"href":"https:\/\/itcs.calian.com\/fr\/wp-json\/wp\/v2\/pages\/8020","targetHints":{"allow":["GET"]}}],"collection":[{"href":"https:\/\/itcs.calian.com\/fr\/wp-json\/wp\/v2\/pages"}],"about":[{"href":"https:\/\/itcs.calian.com\/fr\/wp-json\/wp\/v2\/types\/page"}],"author":[{"embeddable":true,"href":"https:\/\/itcs.calian.com\/fr\/wp-json\/wp\/v2\/users\/1"}],"replies":[{"embeddable":true,"href":"https:\/\/itcs.calian.com\/fr\/wp-json\/wp\/v2\/comments?post=8020"}],"version-history":[{"count":35,"href":"https:\/\/itcs.calian.com\/fr\/wp-json\/wp\/v2\/pages\/8020\/revisions"}],"predecessor-version":[{"id":15683,"href":"https:\/\/itcs.calian.com\/fr\/wp-json\/wp\/v2\/pages\/8020\/revisions\/15683"}],"wp:featuredmedia":[{"embeddable":true,"href":"https:\/\/itcs.calian.com\/fr\/wp-json\/wp\/v2\/media\/6975"}],"wp:attachment":[{"href":"https:\/\/itcs.calian.com\/fr\/wp-json\/wp\/v2\/media?parent=8020"}],"wp:term":[{"taxonomy":"solution","embeddable":true,"href":"https:\/\/itcs.calian.com\/fr\/wp-json\/wp\/v2\/solution?post=8020"},{"taxonomy":"industry","embeddable":true,"href":"https:\/\/itcs.calian.com\/fr\/wp-json\/wp\/v2\/industry?post=8020"},{"taxonomy":"type_classification","embeddable":true,"href":"https:\/\/itcs.calian.com\/fr\/wp-json\/wp\/v2\/type_classification?post=8020"}],"curies":[{"name":"wp","href":"https:\/\/api.w.org\/{rel}","templated":true}]}}