{"id":18921,"date":"2026-02-10T13:22:46","date_gmt":"2026-02-10T18:22:46","guid":{"rendered":"https:\/\/www.calian.com\/digital-cyber\/dark-web-monitoring\/"},"modified":"2026-02-11T14:14:39","modified_gmt":"2026-02-11T19:14:39","slug":"dark-web-monitoring","status":"publish","type":"page","link":"https:\/\/www.calian.com\/digital-cyber\/fr\/cybersecurite\/dark-web-monitoring\/","title":{"rendered":"Surveillance du Dark Web"},"content":{"rendered":"","protected":true},"excerpt":{"rendered":"","protected":true},"author":15654,"featured_media":18904,"parent":7997,"menu_order":4,"comment_status":"closed","ping_status":"closed","template":"","meta":{"_acf_changed":false,"content-type":"","footnotes":""},"solution":[],"industry":[],"type_classification":[],"class_list":["post-18921","page","type-page","status-publish","post-password-required","hentry"],"acf":[],"yoast_head":"<!-- This site is optimized with the Yoast SEO plugin v26.4 - https:\/\/yoast.com\/wordpress\/plugins\/seo\/ -->\n<title>Surveillance du Dark Web - Digital &amp; Cyber | Calian<\/title>\n<meta name=\"description\" content=\"Surveillance 24\/7 du Dark Web pour d\u00e9tecter les donn\u00e9es vol\u00e9es, les informations d&#039;identification et les menaces. Gardez une longueur d&#039;avance sur les cybercriminels gr\u00e2ce \u00e0 des informations exploitables.\" \/>\n<meta name=\"robots\" content=\"index, follow, max-snippet:-1, max-image-preview:large, max-video-preview:-1\" \/>\n<link rel=\"canonical\" href=\"https:\/\/www.calian.com\/digital-cyber\/fr\/cybersecurite\/dark-web-monitoring\/\" \/>\n<meta property=\"og:locale\" content=\"fr_CA\" \/>\n<meta property=\"og:type\" content=\"article\" \/>\n<meta property=\"og:title\" content=\"Surveillance du Dark Web - Digital &amp; Cyber | Calian\" \/>\n<meta property=\"og:description\" content=\"Surveillance 24\/7 du Dark Web pour d\u00e9tecter les donn\u00e9es vol\u00e9es, les informations d&#039;identification et les menaces. Gardez une longueur d&#039;avance sur les cybercriminels gr\u00e2ce \u00e0 des informations exploitables.\" \/>\n<meta property=\"og:url\" content=\"https:\/\/www.calian.com\/digital-cyber\/fr\/cybersecurite\/dark-web-monitoring\/\" \/>\n<meta property=\"og:site_name\" content=\"Solutions informatiques et cybern\u00e9tiques\" \/>\n<meta property=\"article:modified_time\" content=\"2026-02-11T19:14:39+00:00\" \/>\n<meta name=\"twitter:card\" content=\"summary_large_image\" \/>\n<meta name=\"twitter:label1\" content=\"Est. reading time\" \/>\n\t<meta name=\"twitter:data1\" content=\"9 minutes\" \/>\n<script type=\"application\/ld+json\" class=\"yoast-schema-graph\">{\"@context\":\"https:\/\/schema.org\",\"@graph\":[{\"@type\":\"WebPage\",\"@id\":\"https:\/\/www.calian.com\/digital-cyber\/fr\/cybersecurite\/dark-web-monitoring\/\",\"url\":\"https:\/\/www.calian.com\/digital-cyber\/fr\/cybersecurite\/dark-web-monitoring\/\",\"name\":\"Surveillance du Dark Web - Digital & Cyber | Calian\",\"isPartOf\":{\"@id\":\"https:\/\/www.calian.com\/digital-cyber\/fr\/#website\"},\"datePublished\":\"2026-02-10T18:22:46+00:00\",\"dateModified\":\"2026-02-11T19:14:39+00:00\",\"breadcrumb\":{\"@id\":\"https:\/\/www.calian.com\/digital-cyber\/fr\/cybersecurite\/dark-web-monitoring\/#breadcrumb\"},\"inLanguage\":\"fr-CA\"},{\"@type\":\"WebSite\",\"@id\":\"https:\/\/www.calian.com\/digital-cyber\/fr\/#website\",\"url\":\"https:\/\/www.calian.com\/digital-cyber\/fr\/\",\"name\":\"Solutions informatiques et cybern\u00e9tiques\",\"description\":\"\",\"publisher\":{\"@id\":\"https:\/\/www.calian.com\/digital-cyber\/fr\/#organization\"},\"potentialAction\":[{\"@type\":\"SearchAction\",\"target\":{\"@type\":\"EntryPoint\",\"urlTemplate\":\"https:\/\/www.calian.com\/digital-cyber\/fr\/?s={search_term_string}\"},\"query-input\":{\"@type\":\"PropertyValueSpecification\",\"valueRequired\":true,\"valueName\":\"search_term_string\"}}],\"inLanguage\":\"fr-CA\"},{\"@type\":\"Organization\",\"@id\":\"https:\/\/www.calian.com\/digital-cyber\/fr\/#organization\",\"name\":\"Calian Group Ltd.\",\"url\":\"https:\/\/www.calian.com\/digital-cyber\/fr\/\",\"logo\":{\"@type\":\"ImageObject\",\"inLanguage\":\"fr-CA\",\"@id\":\"https:\/\/www.calian.com\/digital-cyber\/fr\/#\/schema\/logo\/image\/\",\"url\":\"https:\/\/sites.calian.com\/app\/uploads\/sites\/10\/2026\/01\/2026-Logo-Calian-EN-RGB-DIGITAL-1.svg\",\"contentUrl\":\"https:\/\/sites.calian.com\/app\/uploads\/sites\/10\/2026\/01\/2026-Logo-Calian-EN-RGB-DIGITAL-1.svg\",\"width\":977,\"height\":648,\"caption\":\"Calian Group Ltd.\"},\"image\":{\"@id\":\"https:\/\/www.calian.com\/digital-cyber\/fr\/#\/schema\/logo\/image\/\"}}]}<\/script>\n<!-- \/ Yoast SEO plugin. -->","yoast_head_json":{"title":"Surveillance du Dark Web - Digital & Cyber | Calian","description":"Surveillance 24\/7 du Dark Web pour d\u00e9tecter les donn\u00e9es vol\u00e9es, les informations d'identification et les menaces. Gardez une longueur d'avance sur les cybercriminels gr\u00e2ce \u00e0 des informations exploitables.","robots":{"index":"index","follow":"follow","max-snippet":"max-snippet:-1","max-image-preview":"max-image-preview:large","max-video-preview":"max-video-preview:-1"},"canonical":"https:\/\/www.calian.com\/digital-cyber\/fr\/cybersecurite\/dark-web-monitoring\/","og_locale":"fr_CA","og_type":"article","og_title":"Surveillance du Dark Web - Digital & Cyber | Calian","og_description":"Surveillance 24\/7 du Dark Web pour d\u00e9tecter les donn\u00e9es vol\u00e9es, les informations d'identification et les menaces. Gardez une longueur d'avance sur les cybercriminels gr\u00e2ce \u00e0 des informations exploitables.","og_url":"https:\/\/www.calian.com\/digital-cyber\/fr\/cybersecurite\/dark-web-monitoring\/","og_site_name":"Solutions informatiques et cybern\u00e9tiques","article_modified_time":"2026-02-11T19:14:39+00:00","twitter_card":"summary_large_image","twitter_misc":{"Est. reading time":"9 minutes"},"schema":{"@context":"https:\/\/schema.org","@graph":[{"@type":"WebPage","@id":"https:\/\/www.calian.com\/digital-cyber\/fr\/cybersecurite\/dark-web-monitoring\/","url":"https:\/\/www.calian.com\/digital-cyber\/fr\/cybersecurite\/dark-web-monitoring\/","name":"Surveillance du Dark Web - Digital & Cyber | Calian","isPartOf":{"@id":"https:\/\/www.calian.com\/digital-cyber\/fr\/#website"},"datePublished":"2026-02-10T18:22:46+00:00","dateModified":"2026-02-11T19:14:39+00:00","breadcrumb":{"@id":"https:\/\/www.calian.com\/digital-cyber\/fr\/cybersecurite\/dark-web-monitoring\/#breadcrumb"},"inLanguage":"fr-CA"},{"@type":"WebSite","@id":"https:\/\/www.calian.com\/digital-cyber\/fr\/#website","url":"https:\/\/www.calian.com\/digital-cyber\/fr\/","name":"Solutions informatiques et cybern\u00e9tiques","description":"","publisher":{"@id":"https:\/\/www.calian.com\/digital-cyber\/fr\/#organization"},"potentialAction":[{"@type":"SearchAction","target":{"@type":"EntryPoint","urlTemplate":"https:\/\/www.calian.com\/digital-cyber\/fr\/?s={search_term_string}"},"query-input":{"@type":"PropertyValueSpecification","valueRequired":true,"valueName":"search_term_string"}}],"inLanguage":"fr-CA"},{"@type":"Organization","@id":"https:\/\/www.calian.com\/digital-cyber\/fr\/#organization","name":"Calian Group Ltd.","url":"https:\/\/www.calian.com\/digital-cyber\/fr\/","logo":{"@type":"ImageObject","inLanguage":"fr-CA","@id":"https:\/\/www.calian.com\/digital-cyber\/fr\/#\/schema\/logo\/image\/","url":"https:\/\/sites.calian.com\/app\/uploads\/sites\/10\/2026\/01\/2026-Logo-Calian-EN-RGB-DIGITAL-1.svg","contentUrl":"https:\/\/sites.calian.com\/app\/uploads\/sites\/10\/2026\/01\/2026-Logo-Calian-EN-RGB-DIGITAL-1.svg","width":977,"height":648,"caption":"Calian Group Ltd."},"image":{"@id":"https:\/\/www.calian.com\/digital-cyber\/fr\/#\/schema\/logo\/image\/"}}]}},"_links":{"self":[{"href":"https:\/\/itcs.calian.com\/fr\/wp-json\/wp\/v2\/pages\/18921","targetHints":{"allow":["GET"]}}],"collection":[{"href":"https:\/\/itcs.calian.com\/fr\/wp-json\/wp\/v2\/pages"}],"about":[{"href":"https:\/\/itcs.calian.com\/fr\/wp-json\/wp\/v2\/types\/page"}],"author":[{"embeddable":true,"href":"https:\/\/itcs.calian.com\/fr\/wp-json\/wp\/v2\/users\/15654"}],"replies":[{"embeddable":true,"href":"https:\/\/itcs.calian.com\/fr\/wp-json\/wp\/v2\/comments?post=18921"}],"version-history":[{"count":13,"href":"https:\/\/itcs.calian.com\/fr\/wp-json\/wp\/v2\/pages\/18921\/revisions"}],"predecessor-version":[{"id":18965,"href":"https:\/\/itcs.calian.com\/fr\/wp-json\/wp\/v2\/pages\/18921\/revisions\/18965"}],"up":[{"embeddable":true,"href":"https:\/\/itcs.calian.com\/fr\/wp-json\/wp\/v2\/pages\/7997"}],"wp:featuredmedia":[{"embeddable":true,"href":"https:\/\/itcs.calian.com\/fr\/wp-json\/wp\/v2\/media\/18904"}],"wp:attachment":[{"href":"https:\/\/itcs.calian.com\/fr\/wp-json\/wp\/v2\/media?parent=18921"}],"wp:term":[{"taxonomy":"solution","embeddable":true,"href":"https:\/\/itcs.calian.com\/fr\/wp-json\/wp\/v2\/solution?post=18921"},{"taxonomy":"industry","embeddable":true,"href":"https:\/\/itcs.calian.com\/fr\/wp-json\/wp\/v2\/industry?post=18921"},{"taxonomy":"type_classification","embeddable":true,"href":"https:\/\/itcs.calian.com\/fr\/wp-json\/wp\/v2\/type_classification?post=18921"}],"curies":[{"name":"wp","href":"https:\/\/api.w.org\/{rel}","templated":true}]}}