{"id":13802,"date":"2024-11-12T15:16:37","date_gmt":"2024-11-12T20:16:37","guid":{"rendered":"https:\/\/www.calian.com\/digital-cyber\/?page_id=13802"},"modified":"2025-01-31T13:17:01","modified_gmt":"2025-01-31T18:17:01","slug":"evaluation-de-letat-de-preparation-des-donnees-des-soins-de-sante","status":"publish","type":"page","link":"https:\/\/www.calian.com\/digital-cyber\/fr\/evaluation-de-letat-de-preparation-des-donnees-des-soins-de-sante\/","title":{"rendered":"\u00c9valuation de l&#8217;\u00e9tat de pr\u00e9paration aux donn\u00e9es et \u00e0 l&#8217;IA dans le secteur de la sant\u00e9"},"content":{"rendered":"\n<div class=\"tbk-hydrate-component\" data-cid=\"e97d2d40-9d4a-4c0d-b63d-bfa93384273b\" data-component=\"LandingPageHeader\"><header class=\"calian-header landing-page-header calian-header--invert calian-header--style-invert wp-block-calian-com-components-calian-landing-page-header\"><div class=\"calian-header__container container-fluid\"><nav class=\"calian-header__navbar navbar navbar-expand-xl navbar-white\"><div class=\"calian-header__navbar-container container-fluid\"><a class=\"calian-header__navbar-brand navbar-brand\" href=\"\/\"><img decoding=\"async\" src=\"https:\/\/sites.calian.com\/app\/uploads\/sites\/10\/2024\/02\/Calian-Logo-Tag-RGB-Colour.svg\" alt=\"\" class=\"img-fluid\"\/><\/a><div class=\"calian-header__navbar-collapse collapse collapse navbar-collapse\"><div class=\"calian-header__navbar-left\"><\/div><div class=\"calian-header__navbar-right\"><ul class=\"nav justify-content-start calian-header__main-nav\"><li class=\"nav-item\"><a class=\"nav-link\" href=\"https:\/\/www.calian.com\/digital-cyber\/microsoft\/\">Partenaire Microsoft<\/a><\/li><\/ul><\/div><\/div><\/div><\/nav><div class=\"calian-header__cta-search\"><\/div><button type=\"button\" class=\"calian-header__navbar-toggler btn navbar-toggler\" data-bs-toggle=\"offcanvas\" data-bs-target=\".offcanvas\" aria-label=\"Toggle\"><i class=\"icon icon-menu-alternate\"><\/i><\/button><\/div><div class=\"offcanvas offcanvas-end\"><div class=\"offcanvas-header\"><div class=\"offcanvas-header__upper\"><div class=\"offcanvas-header__brand\"><a class=\"calian-header__navbar-brand navbar-brand\" href=\"\/\"><img decoding=\"async\" src=\"https:\/\/sites.calian.com\/app\/uploads\/sites\/10\/2024\/02\/Calian-Logo-Tag-RGB-Colour.svg\" alt=\"\" class=\"img-fluid\"\/><\/a><\/div><button type=\"button\" class=\"btn-close text-reset\" data-bs-dismiss=\"offcanvas\" aria-label=\"Close\"><\/button><\/div><\/div><div class=\"offcanvas-body\"><ul class=\"nav justify-content-start flex-column calian-header__main-nav--mobile\"><li class=\"nav-item\"><a class=\"nav-link\" href=\"https:\/\/www.calian.com\/digital-cyber\/microsoft\/\">Partenaire Microsoft<\/a><\/li><\/ul><div class=\"calian-header__cta-language-select-mobile\"><div class=\"calian-header__cta-language-select-mobile__cta\"><\/div><\/div><\/div><\/div><\/header><\/div>\n\n<div class=\"tbk-hydrate-component\" data-cid=\"d57d592d-e977-46ce-b1f9-08865bcf20bb\" data-component=\"Hero\"><section class=\"calian-hero d-flex h-100 position-relative overflow-hidden nav-indent wp-block-calian-com-components-calian-hero media-position-wallpaper overlay-themed breadcrumbs-hidden\"><div class=\"container\"><div class=\"row\"><div class=\"calian-hero__content d-flex col-lg flex-column pb-3 justify-content-center h-100 text-left\"><div class=\"calian-hero__copy-wrapper\"><h1 class=\"calian-hero__heading text-white\">\u00c9valuez la maturit\u00e9 de vos donn\u00e9es de sant\u00e9 et de votre IA et transformez les soins aux patients.<\/h1><div class=\"calian-hero__text text-white mt-2 mb-4\">T\u00e9l\u00e9chargez l&#8217;\u00e9valuation de l&#8217;\u00e9tat de pr\u00e9paration aux donn\u00e9es et \u00e0 l&#8217;IA dans le secteur de la sant\u00e9 de Calian pour \u00e9valuer l&#8217;\u00e9tat de pr\u00e9paration de votre organisation aux soins aux patients fond\u00e9s sur les donn\u00e9es et \u00e0 l&#8217;innovation en mati\u00e8re d&#8217;IA.<\/div><a href=\"#download\" class=\"btn btn-light mb-4 mt-3\">T\u00e9l\u00e9charger maintenant<\/a><\/div><\/div><div class=\"calian-hero__media col-md w-100 h-100 media-style-wallpaper position-absolute opacity-25 top-0 start-0 p-0\"><div class=\"media-wrapper ml-auto mr-0 w-100 h-100\"><div class=\"advanced-image w-100 h-100\"><img loading=\"lazy\" decoding=\"async\" src=\"https:\/\/sites.calian.com\/app\/uploads\/sites\/10\/2024\/11\/AdobeStock_258329401-1024x512.jpeg\" alt=\"Fond m&#xE9;dical abstrait de couleur sarcelle avec des hexagones et des signes plus interconnect&#xE9;s par des lignes.\" width=\"1024\" height=\"512\" class=\"calian-hero__image\"\/><\/div><\/div><\/div><\/div><\/div><div class=\"calian-hero__overlay overlay-themed position-absolute w-100 h-100 top-0 start-0 has-image\"><\/div><span><\/span><\/section><\/div>\n\n<div class=\"tbk-hydrate-component\" data-cid=\"ab139dbb-d8e0-456a-b759-22c33faee931\" data-component=\"Spacer\"><div class=\"calian-spacer calian-spacer--mobile-small wp-block-calian-com-components-calian-spacer\"><\/div><\/div>\n\n<div class=\"wp-block-columns is-layout-flex wp-container-core-columns-is-layout-9d6595d7 wp-block-columns-is-layout-flex\">\n<div class=\"wp-block-column is-layout-flow wp-block-column-is-layout-flow\" style=\"flex-basis:8%\"><\/div>\n\n\n\n<div class=\"wp-block-column is-layout-flow wp-block-column-is-layout-flow\" style=\"flex-basis:40%\">\n<div class=\"tbk-hydrate-component\" data-cid=\"0b759dc2-1e20-4916-ad04-5d55a28dea83\" data-component=\"CalianContainer\"><div class=\"calian-container wp-block-calian-com-components-calian-container\"><div>\n<h3 class=\"wp-block-heading\">Dans un paysage de la sant\u00e9 en constante \u00e9volution, il est imp\u00e9ratif de garder une longueur d&#8217;avance.  <\/h3>\n\n\n\n<p class=\"has-medium-font-size\">L&#8217;\u00e9valuation de la pr\u00e9paration aux donn\u00e9es et \u00e0 l&#8217;IA dans le secteur de la sant\u00e9 de Calian est votre premi\u00e8re \u00e9tape essentielle vers l&#8217;adoption de l&#8217;IA et des soins aux patients bas\u00e9s sur les donn\u00e9es.<\/p>\n\n\n\n<p class=\"has-medium-font-size\" style=\"font-style:normal;font-weight:600\">Cette \u00e9valuation compl\u00e8te permet aux prestataires de soins de sant\u00e9 de mesurer leur maturit\u00e9 dans des domaines cruciaux :  <\/p>\n\n\n\n<div class=\"wp-block-columns is-layout-flex wp-container-core-columns-is-layout-9d6595d7 wp-block-columns-is-layout-flex\">\n<div class=\"wp-block-column is-layout-flow wp-block-column-is-layout-flow\" style=\"flex-basis:2%\"><\/div>\n\n\n\n<div class=\"wp-block-column is-layout-flow wp-block-column-is-layout-flow\">\n<ul class=\"wp-block-list\">\n<li style=\"font-size:17px\">Strat\u00e9gie en mati\u00e8re de donn\u00e9es et d&#8217;IA<\/li>\n\n\n\n<li style=\"font-size:17px\">Technologie et infrastructure<\/li>\n\n\n\n<li style=\"font-size:17px\">\u00c9tat actuel des donn\u00e9es<\/li>\n\n\n\n<li style=\"font-size:17px\">\u00c9tat de l&#8217;analytique et de l&#8217;IA<\/li>\n\n\n\n<li style=\"font-size:17px\">Gouvernance des donn\u00e9es et conformit\u00e9<\/li>\n\n\n\n<li style=\"font-size:17px\">Personnes et processus<\/li>\n\n\n\n<li style=\"font-size:17px\">R\u00e9sultats souhait\u00e9s et \u00e9tat futur<\/li>\n<\/ul>\n<\/div>\n<\/div>\n\n\n\n<p class=\"has-medium-font-size\">Ne prenez pas le risque d&#8217;\u00eatre laiss\u00e9 pour compte. T\u00e9l\u00e9chargez notre \u00e9valuation d\u00e8s aujourd&#8217;hui et lancez-vous dans un voyage de transformation pour am\u00e9liorer les soins aux patients et l&#8217;excellence op\u00e9rationnelle gr\u00e2ce \u00e0 l&#8217;innovation en mati\u00e8re d&#8217;IA et \u00e0 l&#8217;int\u00e9gration des donn\u00e9es.<\/p>\n<\/div><\/div><\/div>\n<\/div>\n\n\n\n<div class=\"wp-block-column is-layout-flow wp-block-column-is-layout-flow\" style=\"flex-basis:3%\"><\/div>\n\n\n\n<div class=\"wp-block-column is-layout-flow wp-block-column-is-layout-flow\" style=\"flex-basis:35%\">\n<div class=\"tbk-hydrate-component\" data-cid=\"69c9c992-f9f5-4703-a69d-010872465b2b\" data-component=\"ContactCTAHubSpot\"><div id=\"download\" class=\"calian-contact-cta overflow-hidden position-relative grey rounded-corners wp-block-calian-com-components-calian-contact-cta-hub-spot\"><div class=\"calian-contact-cta__overlay position-absolute z-2\"><\/div><img loading=\"lazy\" decoding=\"async\" src=\"https:\/\/sites.calian.com\/app\/dist\/ContactCTA-PlaceholderOne-ZOUWAB3S.jpg\" alt=\"\" width=\"720\" height=\"814\" class=\"calian-contact-cta__background-image position-absolute z-1\"\/><div class=\"calian-contact-cta__container mx-auto py-5 py-md-10 position-relative z-3\"><div class=\"d-flex\"><div class=\"calian-contact-cta__form mx-auto px-3\"><div class=\"hs-form__container\"><div class=\"hs-form__container-inner\"><div class=\"d-flex justify-content-center p-1\"><div class=\"spinner-border text-primary \" role=\"status\" style=\"width:3rem;height:3rem\"><span class=\"visually-hidden\">Chargement&#8230;<\/span><\/div><\/div><div class=\"hs-form__target\"><\/div><\/div><\/div><\/div><\/div><\/div><\/div><\/div>\n<\/div>\n\n\n\n<div class=\"wp-block-column is-layout-flow wp-block-column-is-layout-flow\" style=\"flex-basis:11%\"><\/div>\n<\/div>\n\n<div class=\"tbk-hydrate-component\" data-cid=\"b850aa1d-acb2-46b9-912e-1d32308714eb\" data-component=\"Spacer\"><div class=\"calian-spacer wp-block-calian-com-components-calian-spacer\"><\/div><\/div>\n\n<div class=\"tbk-hydrate-component\" data-cid=\"d6d0a5a2-d9f0-437c-822b-f14615877182\" data-component=\"VideoShowcase\"><div class=\"video-showcase px-3 py-5 py-lg-8 overlay-themed wp-block-calian-com-components-calian-video-showcase\"><div class=\"video-showcase__container align-items-center mw-1240px d-flex gap-5 flex-column flex-lg-row align-items-lg-start\"><div class=\"video-showcase__content align-items-center align-items-lg-start horizontal-sizing d-inline-flex flex-column gap-3\"><h2 class=\"video-showcase__heading mb-0 text-white text-center text-md-left\">Pleins feux sur l&#8217;\u00e9valuation des donn\u00e9es de sant\u00e9 et de l&#8217;IA de Calian : L&#8217;\u00e9valuation de l&#8217;\u00e9tat de pr\u00e9paration aux donn\u00e9es et \u00e0 l&#8217;IA dans le secteur de la sant\u00e9 de Calian<\/h2><div class=\"video-showcase__copy\"><div class=\"text-white text-center text-lg-start\">\u00c9valuez la maturit\u00e9 de vos donn\u00e9es de sant\u00e9 et de votre IA et transformez les soins aux patients. T\u00e9l\u00e9chargez d\u00e8s aujourd&#8217;hui l&#8217;\u00e9valuation de la pr\u00e9paration aux donn\u00e9es et \u00e0 l&#8217;IA dans le secteur de la sant\u00e9 de Calian.  <\/div><\/div><\/div><div class=\"video-showcase__video-wrapper flex-grow-1 flex-shrink-0 w-100 w-lg-auto\"><div class=\"video-showcase__video mx-auto rounded-5\" style=\"background-image:url(\" https:=\"\"><button class=\"btn-play\">Lire la vid\u00e9o<\/button><\/div><\/div><\/div><\/div><\/div>\n\n<div class=\"tbk-hydrate-component\" data-cid=\"309461a7-5a02-4da6-9178-d9c0fc951adb\" data-component=\"LandingPageFooter\"><div class=\"landing-page-footer wp-block-calian-com-components-calian-landing-page-footer\"><div class=\"landing-page-footer__container container-fluid\"><a class=\"landing-page-footer__logo-link\" href=\"\/\"><img loading=\"lazy\" decoding=\"async\" src=\"https:\/\/sites.calian.com\/app\/dist\/logo-colour-WZMAWDEU.svg\" alt=\"\" width=\"180\" height=\"65\" class=\"landing-page-footer__logo-img\"\/><\/a><p class=\"landing-page-footer__copyright\">\u00a9 2025 Calian Group Ltd. CNESST# AR-2000790<\/p><ul class=\"landing-page-footer__bottom--social-icons list-unstyled\"><li><a href=\"https:\/\/www.linkedin.com\/company\/calianitcs\/posts\/?feedView=all\" target=\"_blank\" aria-label=\"linkedin\" class=\"share-icon-link\" rel=\"noopener\"><i class=\"icon icon-linkedin\"><\/i><\/a><\/li><\/ul><\/div><\/div><\/div>\n","protected":false},"excerpt":{"rendered":"<p><a class=\"calian-header__navbar-brand navbar-brand\" href=\"\/\"> <\/a> <\/p>\n<ul class=\"nav justify-content-start calian-header__main-nav\">\n<li class=\"nav-item\"> <a class=\"nav-link\" href=\"https:\/\/www.calian.com\/digital-cyber\/microsoft\/\"> Partenaire Microsoft <\/a> <\/li>\n<\/ul>\n<p> <a class=\"calian-header__navbar-brand navbar-brand\" href=\"\/\"> <\/a> <\/p>\n<ul class=\"nav justify-content-start flex-column calian-header__main-nav--mobile\">\n<li class=\"nav-item\"> <a class=\"nav-link\" href=\"https:\/\/www.calian.com\/digital-cyber\/microsoft\/\"> Partenaire Microsoft <\/a> <\/li>\n<\/ul>\n<p> \u00c9valuez la maturit\u00e9 de vos donn\u00e9es de sant\u00e9 et de votre IA et transformez les soins aux patients. T\u00e9l\u00e9chargez l&#8217;\u00e9valuation de &hellip;<\/p>\n","protected":false},"author":7592,"featured_media":14232,"parent":0,"menu_order":52,"comment_status":"closed","ping_status":"closed","template":"page-landing-page.php","meta":{"_acf_changed":false,"content-type":"","footnotes":""},"solution":[105],"industry":[],"type_classification":[],"class_list":["post-13802","page","type-page","status-publish","has-post-thumbnail","hentry","solution-soins-de-sante"],"acf":[],"yoast_head":"<!-- This site is optimized with the Yoast SEO plugin v26.4 - https:\/\/yoast.com\/wordpress\/plugins\/seo\/ -->\n<title>\u00c9valuation de l&#039;\u00e9tat de pr\u00e9paration aux donn\u00e9es et \u00e0 l&#039;IA dans le secteur de la sant\u00e9 - Digital &amp; Cyber | Calian<\/title>\n<meta name=\"robots\" content=\"index, follow, max-snippet:-1, max-image-preview:large, max-video-preview:-1\" \/>\n<link rel=\"canonical\" href=\"https:\/\/www.calian.com\/digital-cyber\/fr\/evaluation-de-letat-de-preparation-des-donnees-des-soins-de-sante\/\" \/>\n<meta property=\"og:locale\" content=\"fr_CA\" \/>\n<meta property=\"og:type\" content=\"article\" \/>\n<meta property=\"og:title\" content=\"\u00c9valuation de l&#039;\u00e9tat de pr\u00e9paration aux donn\u00e9es et \u00e0 l&#039;IA dans le secteur de la sant\u00e9 - Digital &amp; Cyber | Calian\" \/>\n<meta property=\"og:description\" content=\"Partenaire Microsoft     Partenaire Microsoft  \u00c9valuez la maturit\u00e9 de vos donn\u00e9es de sant\u00e9 et de votre IA et transformez les soins aux patients. T\u00e9l\u00e9chargez l&#8217;\u00e9valuation de &hellip;\" \/>\n<meta property=\"og:url\" content=\"https:\/\/www.calian.com\/digital-cyber\/fr\/evaluation-de-letat-de-preparation-des-donnees-des-soins-de-sante\/\" \/>\n<meta property=\"og:site_name\" content=\"Solutions informatiques et cybern\u00e9tiques\" \/>\n<meta property=\"article:modified_time\" content=\"2025-01-31T18:17:01+00:00\" \/>\n<meta property=\"og:image\" content=\"https:\/\/sites.calian.com\/app\/uploads\/sites\/10\/2024\/11\/AdobeStock_258329401-scaled.jpeg\" \/>\n\t<meta property=\"og:image:width\" content=\"2560\" \/>\n\t<meta property=\"og:image:height\" content=\"1280\" \/>\n\t<meta property=\"og:image:type\" content=\"image\/jpeg\" \/>\n<meta name=\"twitter:card\" content=\"summary_large_image\" \/>\n<meta name=\"twitter:label1\" content=\"Est. reading time\" \/>\n\t<meta name=\"twitter:data1\" content=\"3 minutes\" \/>\n<script type=\"application\/ld+json\" class=\"yoast-schema-graph\">{\"@context\":\"https:\/\/schema.org\",\"@graph\":[{\"@type\":\"WebPage\",\"@id\":\"https:\/\/www.calian.com\/digital-cyber\/fr\/evaluation-de-letat-de-preparation-des-donnees-des-soins-de-sante\/\",\"url\":\"https:\/\/www.calian.com\/digital-cyber\/fr\/evaluation-de-letat-de-preparation-des-donnees-des-soins-de-sante\/\",\"name\":\"\u00c9valuation de l'\u00e9tat de pr\u00e9paration aux donn\u00e9es et \u00e0 l'IA dans le secteur de la sant\u00e9 - Digital & Cyber | Calian\",\"isPartOf\":{\"@id\":\"https:\/\/www.calian.com\/digital-cyber\/fr\/#website\"},\"primaryImageOfPage\":{\"@id\":\"https:\/\/www.calian.com\/digital-cyber\/fr\/evaluation-de-letat-de-preparation-des-donnees-des-soins-de-sante\/#primaryimage\"},\"image\":{\"@id\":\"https:\/\/www.calian.com\/digital-cyber\/fr\/evaluation-de-letat-de-preparation-des-donnees-des-soins-de-sante\/#primaryimage\"},\"thumbnailUrl\":\"https:\/\/sites.calian.com\/app\/uploads\/sites\/10\/2024\/11\/AdobeStock_258329401-scaled.jpeg\",\"datePublished\":\"2024-11-12T20:16:37+00:00\",\"dateModified\":\"2025-01-31T18:17:01+00:00\",\"inLanguage\":\"fr-CA\",\"potentialAction\":[{\"@type\":\"ReadAction\",\"target\":[\"https:\/\/www.calian.com\/digital-cyber\/fr\/evaluation-de-letat-de-preparation-des-donnees-des-soins-de-sante\/\"]}]},{\"@type\":\"ImageObject\",\"inLanguage\":\"fr-CA\",\"@id\":\"https:\/\/www.calian.com\/digital-cyber\/fr\/evaluation-de-letat-de-preparation-des-donnees-des-soins-de-sante\/#primaryimage\",\"url\":\"https:\/\/sites.calian.com\/app\/uploads\/sites\/10\/2024\/11\/AdobeStock_258329401-scaled.jpeg\",\"contentUrl\":\"https:\/\/sites.calian.com\/app\/uploads\/sites\/10\/2024\/11\/AdobeStock_258329401-scaled.jpeg\",\"width\":2560,\"height\":1280,\"caption\":\"Fond m\u00e9dical abstrait avec motif d'hexagones. Concepts et id\u00e9es pour la technologie des soins de sant\u00e9, l'innovation m\u00e9dicale, la sant\u00e9, la science et la recherche\"},{\"@type\":\"WebSite\",\"@id\":\"https:\/\/www.calian.com\/digital-cyber\/fr\/#website\",\"url\":\"https:\/\/www.calian.com\/digital-cyber\/fr\/\",\"name\":\"Solutions informatiques et cybern\u00e9tiques\",\"description\":\"\",\"publisher\":{\"@id\":\"https:\/\/www.calian.com\/digital-cyber\/fr\/#organization\"},\"potentialAction\":[{\"@type\":\"SearchAction\",\"target\":{\"@type\":\"EntryPoint\",\"urlTemplate\":\"https:\/\/www.calian.com\/digital-cyber\/fr\/?s={search_term_string}\"},\"query-input\":{\"@type\":\"PropertyValueSpecification\",\"valueRequired\":true,\"valueName\":\"search_term_string\"}}],\"inLanguage\":\"fr-CA\"},{\"@type\":\"Organization\",\"@id\":\"https:\/\/www.calian.com\/digital-cyber\/fr\/#organization\",\"name\":\"Calian Group Ltd.\",\"url\":\"https:\/\/www.calian.com\/digital-cyber\/fr\/\",\"logo\":{\"@type\":\"ImageObject\",\"inLanguage\":\"fr-CA\",\"@id\":\"https:\/\/www.calian.com\/digital-cyber\/fr\/#\/schema\/logo\/image\/\",\"url\":\"https:\/\/sites.calian.com\/app\/uploads\/sites\/10\/2026\/01\/2026-Logo-Calian-EN-RGB-DIGITAL-1.svg\",\"contentUrl\":\"https:\/\/sites.calian.com\/app\/uploads\/sites\/10\/2026\/01\/2026-Logo-Calian-EN-RGB-DIGITAL-1.svg\",\"width\":977,\"height\":648,\"caption\":\"Calian Group Ltd.\"},\"image\":{\"@id\":\"https:\/\/www.calian.com\/digital-cyber\/fr\/#\/schema\/logo\/image\/\"}}]}<\/script>\n<!-- \/ Yoast SEO plugin. -->","yoast_head_json":{"title":"\u00c9valuation de l'\u00e9tat de pr\u00e9paration aux donn\u00e9es et \u00e0 l'IA dans le secteur de la sant\u00e9 - Digital & Cyber | Calian","robots":{"index":"index","follow":"follow","max-snippet":"max-snippet:-1","max-image-preview":"max-image-preview:large","max-video-preview":"max-video-preview:-1"},"canonical":"https:\/\/www.calian.com\/digital-cyber\/fr\/evaluation-de-letat-de-preparation-des-donnees-des-soins-de-sante\/","og_locale":"fr_CA","og_type":"article","og_title":"\u00c9valuation de l'\u00e9tat de pr\u00e9paration aux donn\u00e9es et \u00e0 l'IA dans le secteur de la sant\u00e9 - Digital & Cyber | Calian","og_description":"Partenaire Microsoft     Partenaire Microsoft  \u00c9valuez la maturit\u00e9 de vos donn\u00e9es de sant\u00e9 et de votre IA et transformez les soins aux patients. T\u00e9l\u00e9chargez l&#8217;\u00e9valuation de &hellip;","og_url":"https:\/\/www.calian.com\/digital-cyber\/fr\/evaluation-de-letat-de-preparation-des-donnees-des-soins-de-sante\/","og_site_name":"Solutions informatiques et cybern\u00e9tiques","article_modified_time":"2025-01-31T18:17:01+00:00","og_image":[{"width":2560,"height":1280,"url":"https:\/\/sites.calian.com\/app\/uploads\/sites\/10\/2024\/11\/AdobeStock_258329401-scaled.jpeg","type":"image\/jpeg"}],"twitter_card":"summary_large_image","twitter_misc":{"Est. reading time":"3 minutes"},"schema":{"@context":"https:\/\/schema.org","@graph":[{"@type":"WebPage","@id":"https:\/\/www.calian.com\/digital-cyber\/fr\/evaluation-de-letat-de-preparation-des-donnees-des-soins-de-sante\/","url":"https:\/\/www.calian.com\/digital-cyber\/fr\/evaluation-de-letat-de-preparation-des-donnees-des-soins-de-sante\/","name":"\u00c9valuation de l'\u00e9tat de pr\u00e9paration aux donn\u00e9es et \u00e0 l'IA dans le secteur de la sant\u00e9 - Digital & Cyber | Calian","isPartOf":{"@id":"https:\/\/www.calian.com\/digital-cyber\/fr\/#website"},"primaryImageOfPage":{"@id":"https:\/\/www.calian.com\/digital-cyber\/fr\/evaluation-de-letat-de-preparation-des-donnees-des-soins-de-sante\/#primaryimage"},"image":{"@id":"https:\/\/www.calian.com\/digital-cyber\/fr\/evaluation-de-letat-de-preparation-des-donnees-des-soins-de-sante\/#primaryimage"},"thumbnailUrl":"https:\/\/sites.calian.com\/app\/uploads\/sites\/10\/2024\/11\/AdobeStock_258329401-scaled.jpeg","datePublished":"2024-11-12T20:16:37+00:00","dateModified":"2025-01-31T18:17:01+00:00","inLanguage":"fr-CA","potentialAction":[{"@type":"ReadAction","target":["https:\/\/www.calian.com\/digital-cyber\/fr\/evaluation-de-letat-de-preparation-des-donnees-des-soins-de-sante\/"]}]},{"@type":"ImageObject","inLanguage":"fr-CA","@id":"https:\/\/www.calian.com\/digital-cyber\/fr\/evaluation-de-letat-de-preparation-des-donnees-des-soins-de-sante\/#primaryimage","url":"https:\/\/sites.calian.com\/app\/uploads\/sites\/10\/2024\/11\/AdobeStock_258329401-scaled.jpeg","contentUrl":"https:\/\/sites.calian.com\/app\/uploads\/sites\/10\/2024\/11\/AdobeStock_258329401-scaled.jpeg","width":2560,"height":1280,"caption":"Fond m\u00e9dical abstrait avec motif d'hexagones. Concepts et id\u00e9es pour la technologie des soins de sant\u00e9, l'innovation m\u00e9dicale, la sant\u00e9, la science et la recherche"},{"@type":"WebSite","@id":"https:\/\/www.calian.com\/digital-cyber\/fr\/#website","url":"https:\/\/www.calian.com\/digital-cyber\/fr\/","name":"Solutions informatiques et cybern\u00e9tiques","description":"","publisher":{"@id":"https:\/\/www.calian.com\/digital-cyber\/fr\/#organization"},"potentialAction":[{"@type":"SearchAction","target":{"@type":"EntryPoint","urlTemplate":"https:\/\/www.calian.com\/digital-cyber\/fr\/?s={search_term_string}"},"query-input":{"@type":"PropertyValueSpecification","valueRequired":true,"valueName":"search_term_string"}}],"inLanguage":"fr-CA"},{"@type":"Organization","@id":"https:\/\/www.calian.com\/digital-cyber\/fr\/#organization","name":"Calian Group Ltd.","url":"https:\/\/www.calian.com\/digital-cyber\/fr\/","logo":{"@type":"ImageObject","inLanguage":"fr-CA","@id":"https:\/\/www.calian.com\/digital-cyber\/fr\/#\/schema\/logo\/image\/","url":"https:\/\/sites.calian.com\/app\/uploads\/sites\/10\/2026\/01\/2026-Logo-Calian-EN-RGB-DIGITAL-1.svg","contentUrl":"https:\/\/sites.calian.com\/app\/uploads\/sites\/10\/2026\/01\/2026-Logo-Calian-EN-RGB-DIGITAL-1.svg","width":977,"height":648,"caption":"Calian Group Ltd."},"image":{"@id":"https:\/\/www.calian.com\/digital-cyber\/fr\/#\/schema\/logo\/image\/"}}]}},"_links":{"self":[{"href":"https:\/\/itcs.calian.com\/fr\/wp-json\/wp\/v2\/pages\/13802","targetHints":{"allow":["GET"]}}],"collection":[{"href":"https:\/\/itcs.calian.com\/fr\/wp-json\/wp\/v2\/pages"}],"about":[{"href":"https:\/\/itcs.calian.com\/fr\/wp-json\/wp\/v2\/types\/page"}],"author":[{"embeddable":true,"href":"https:\/\/itcs.calian.com\/fr\/wp-json\/wp\/v2\/users\/7592"}],"replies":[{"embeddable":true,"href":"https:\/\/itcs.calian.com\/fr\/wp-json\/wp\/v2\/comments?post=13802"}],"version-history":[{"count":62,"href":"https:\/\/itcs.calian.com\/fr\/wp-json\/wp\/v2\/pages\/13802\/revisions"}],"predecessor-version":[{"id":14870,"href":"https:\/\/itcs.calian.com\/fr\/wp-json\/wp\/v2\/pages\/13802\/revisions\/14870"}],"wp:featuredmedia":[{"embeddable":true,"href":"https:\/\/itcs.calian.com\/fr\/wp-json\/wp\/v2\/media\/14232"}],"wp:attachment":[{"href":"https:\/\/itcs.calian.com\/fr\/wp-json\/wp\/v2\/media?parent=13802"}],"wp:term":[{"taxonomy":"solution","embeddable":true,"href":"https:\/\/itcs.calian.com\/fr\/wp-json\/wp\/v2\/solution?post=13802"},{"taxonomy":"industry","embeddable":true,"href":"https:\/\/itcs.calian.com\/fr\/wp-json\/wp\/v2\/industry?post=13802"},{"taxonomy":"type_classification","embeddable":true,"href":"https:\/\/itcs.calian.com\/fr\/wp-json\/wp\/v2\/type_classification?post=13802"}],"curies":[{"name":"wp","href":"https:\/\/api.w.org\/{rel}","templated":true}]}}