{"id":12583,"date":"2024-08-28T18:00:24","date_gmt":"2024-08-28T22:00:24","guid":{"rendered":"https:\/\/www.calian.com\/digital-cyber\/la-cybersecurite-pour-les-dirigeants-de-la-prochaine-generation\/"},"modified":"2024-09-16T14:56:19","modified_gmt":"2024-09-16T18:56:19","slug":"la-cybersecurite-pour-les-dirigeants-de-la-prochaine-generation","status":"publish","type":"page","link":"https:\/\/www.calian.com\/digital-cyber\/fr\/la-cybersecurite-pour-les-dirigeants-de-la-prochaine-generation\/","title":{"rendered":"Perspectives en mati\u00e8re de cybers\u00e9curit\u00e9 : pour les dirigeants de demain"},"content":{"rendered":"\n<div class=\"tbk-hydrate-component\" data-cid=\"3065d17f-4394-465e-aa03-2847a63d32cf\" data-component=\"LandingPageHeader\"><header class=\"calian-header landing-page-header calian-header--invert calian-header--style-invert wp-block-calian-com-components-calian-landing-page-header\"><div class=\"calian-header__container container-fluid\"><nav class=\"calian-header__navbar navbar navbar-expand-xl navbar-white\"><div class=\"calian-header__navbar-container container-fluid\"><a class=\"calian-header__navbar-brand navbar-brand\" href=\"\/\"><img loading=\"lazy\" decoding=\"async\" src=\"https:\/\/sites.calian.com\/app\/dist\/logo-colour-WZMAWDEU.svg\" alt=\"\" width=\"180\" height=\"65\" class=\"img-fluid\"\/><\/a><div class=\"calian-header__navbar-collapse collapse collapse navbar-collapse\"><div class=\"calian-header__navbar-left\"><\/div><div class=\"calian-header__navbar-right\"><ul class=\"nav justify-content-start calian-header__main-nav\"><li class=\"nav-item\"><a class=\"nav-link\" href=\"https:\/\/www.calian.com\/digital-cyber\/fr\/\">Solutions informatiques et cybern\u00e9tiques<\/a><\/li><\/ul><\/div><\/div><\/div><\/nav><div class=\"calian-header__cta-search\"><\/div><button type=\"button\" class=\"calian-header__navbar-toggler btn navbar-toggler\" data-bs-toggle=\"offcanvas\" data-bs-target=\".offcanvas\" aria-label=\"Toggle\"><i class=\"icon icon-menu-alternate\"><\/i><\/button><\/div><div class=\"offcanvas offcanvas-end\"><div class=\"offcanvas-header\"><div class=\"offcanvas-header__upper\"><div class=\"offcanvas-header__brand\"><a class=\"calian-header__navbar-brand navbar-brand\" href=\"\/\"><img loading=\"lazy\" decoding=\"async\" src=\"https:\/\/sites.calian.com\/app\/dist\/logo-colour-WZMAWDEU.svg\" alt=\"\" width=\"180\" height=\"65\" class=\"img-fluid\"\/><\/a><\/div><button type=\"button\" class=\"btn-close text-reset\" data-bs-dismiss=\"offcanvas\" aria-label=\"Close\"><\/button><\/div><\/div><div class=\"offcanvas-body\"><ul class=\"nav justify-content-start flex-column calian-header__main-nav--mobile\"><li class=\"nav-item\"><a class=\"nav-link\" href=\"https:\/\/www.calian.com\/digital-cyber\/fr\/\">Solutions informatiques et cybern\u00e9tiques<\/a><\/li><\/ul><div class=\"calian-header__cta-language-select-mobile\"><div class=\"calian-header__cta-language-select-mobile__cta\"><\/div><\/div><\/div><\/div><\/header><\/div>\n\n<div class=\"tbk-hydrate-component\" data-cid=\"8a31ecc1-232d-4fec-a702-ba8967a93edc\" data-component=\"Hero\"><section class=\"calian-hero d-flex h-100 position-relative overflow-hidden nav-indent wp-block-calian-com-components-calian-hero media-position-wallpaper overlay-themed breadcrumbs-hidden\"><div class=\"container\"><a href=\"#\" class=\"calian-hero__play-pause d-flex align-items-center text-decoration-none d-block m-2 p-2 position-absolute z-3 text-left text-white\"><i class=\"icon icon-pause\"><\/i><span class=\"d-block ms-2\">Pause<\/span><\/a><div class=\"row\"><div class=\"calian-hero__content d-flex col-lg flex-column pb-3 justify-content-center mx-auto h-100 text-center\"><div class=\"calian-hero__copy-wrapper\"><h1 class=\"calian-hero__heading text-white\">Perspectives en mati\u00e8re de cybers\u00e9curit\u00e9 : pour les dirigeants de la prochaine g\u00e9n\u00e9ration<\/h1><div class=\"calian-hero__text text-white mt-2 mb-4\">Rejoignez-nous pour partager votre exp\u00e9rience et votre sagesse afin de nous aider \u00e0 fa\u00e7onner l&#8217;avenir de la cybers\u00e9curit\u00e9.  <\/div><a href=\"#contact-form\" class=\"btn btn-light mb-4 mt-3\">Ajouter vos commentaires<\/a><\/div><\/div><div class=\"calian-hero__media col-md w-100 h-100 media-style-wallpaper position-absolute opacity-25 top-0 start-0 p-0\"><div class=\"media-wrapper ml-auto mr-0 w-100 h-100\"><video class=\"calian-hero__video position-absolute h-100 w-100 start-0 top-0 z-2\" autoplay=\"\" muted=\"\" loop=\"\" src=\"https:\/\/sites.calian.com\/app\/uploads\/sites\/10\/2024\/08\/iStock-1438537439.mp4\"><\/video><div class=\"advanced-image w-100 h-100\"><img loading=\"lazy\" decoding=\"async\" src=\"https:\/\/sites.calian.com\/app\/uploads\/sites\/10\/2024\/08\/iStock-1206098096-1024x540.jpg\" alt=\"Visualisation num&#xE9;rique d'un r&#xE9;seau neuronal complexe avec des lignes et des n&#x153;uds interconnect&#xE9;s, &#xE9;clair&#xE9;s par diff&#xE9;rents points lumineux sur un fond sombre.\" width=\"1024\" height=\"540\" class=\"calian-hero__image\"\/><\/div><\/div><\/div><\/div><\/div><div class=\"calian-hero__overlay overlay-video position-absolute w-100 h-100 top-0 start-0 has-image has-video\"><\/div><span><\/span><\/section><\/div>\n\n<div class=\"tbk-hydrate-component\" data-cid=\"9617e84f-3791-41ce-a2ae-932719532dc8\" data-component=\"Spacer\"><div class=\"calian-spacer wp-block-calian-com-components-calian-spacer\"><\/div><\/div>\n\n<div class=\"tbk-hydrate-component\" data-cid=\"12b04ad0-3fa1-4d86-bafe-973e8f2b2aa9\" data-component=\"CalianContainer\"><div class=\"calian-container calian-container-sm wp-block-calian-com-components-calian-container\"><div>\n<h2 class=\"wp-block-heading has-text-align-center\">Inspirer la prochaine g\u00e9n\u00e9ration dans le domaine de la cybers\u00e9curit\u00e9<\/h2>\n\n\n\n<div class=\"tbk-hydrate-component\" data-cid=\"fee94386-e3ac-4047-81e0-7eb6c29be600\" data-component=\"Spacer\"><div class=\"calian-spacer calian-spacer--extra-small wp-block-calian-com-components-calian-spacer\"><\/div><\/div>\n<\/div><\/div><\/div>\n\n<div class=\"tbk-hydrate-component\" data-cid=\"253c663f-bccc-4d63-ac5c-dbcd23665b26\" data-component=\"CalianContainer\"><div class=\"calian-container calian-container-sm wp-block-calian-com-components-calian-container\"><div>\n<p class=\"has-text-align-center\">Nous recueillons des informations pr\u00e9cieuses aupr\u00e8s de professionnels exp\u00e9riment\u00e9s de l&#8217;informatique afin d&#8217;inspirer et de guider la prochaine g\u00e9n\u00e9ration d&#8217;experts en cybers\u00e9curit\u00e9. Votre contribution nous aidera \u00e0 concevoir des graphiques percutants pour les m\u00e9dias sociaux, qui seront diffus\u00e9s sur plusieurs plateformes pendant le mois de la cybers\u00e9curit\u00e9 en octobre.<\/p>\n<\/div><\/div><\/div>\n\n<div class=\"tbk-hydrate-component\" data-cid=\"b59beaeb-dae6-4851-bbdb-5aff5a77ecbf\" data-component=\"Spacer\"><div class=\"calian-spacer wp-block-calian-com-components-calian-spacer\"><\/div><\/div>\n\n<div class=\"tbk-hydrate-component\" data-cid=\"fdbb3381-86b7-41b6-b442-0b329ccc6511\" data-component=\"ContactCTAHubSpot\"><div id=\"contact-form\" class=\"calian-contact-cta overflow-hidden position-relative wp-block-calian-com-components-calian-contact-cta-hub-spot\"><div class=\"calian-contact-cta__overlay position-absolute z-2\"><\/div><img loading=\"lazy\" decoding=\"async\" src=\"https:\/\/sites.calian.com\/app\/uploads\/sites\/10\/2024\/08\/iStock-1206098096-1024x540.jpg\" alt=\"Visualisation num&#xE9;rique d'un r&#xE9;seau neuronal complexe avec des lignes et des n&#x153;uds interconnect&#xE9;s, &#xE9;clair&#xE9;s par diff&#xE9;rents points lumineux sur un fond sombre.\" width=\"1024\" height=\"540\" class=\"calian-contact-cta__background-image position-absolute z-1\"\/><div class=\"calian-contact-cta__container mx-auto py-5 py-md-10 position-relative z-3\"><div class=\"d-flex\"><div class=\"calian-contact-cta__form mx-auto me-lg-0 px-3\"><div class=\"hs-form__container\"><div class=\"hs-form__container-inner\"><div class=\"d-flex justify-content-center p-1\"><div class=\"spinner-border text-primary \" role=\"status\" style=\"width:3rem;height:3rem\"><span class=\"visually-hidden\">Chargement&#8230;<\/span><\/div><\/div><div class=\"hs-form__target\"><\/div><\/div><\/div><\/div><\/div><\/div><\/div><\/div>\n\n<div class=\"tbk-hydrate-component\" data-cid=\"e369075a-ac29-4bde-89df-be36d3fee919\" data-component=\"LandingPageFooter\"><div class=\"landing-page-footer wp-block-calian-com-components-calian-landing-page-footer\"><div class=\"landing-page-footer__container container-fluid\"><a class=\"landing-page-footer__logo-link\" href=\"\/\"><img loading=\"lazy\" decoding=\"async\" src=\"https:\/\/sites.calian.com\/app\/dist\/logo-colour-WZMAWDEU.svg\" alt=\"\" width=\"180\" height=\"65\" class=\"landing-page-footer__logo-img\"\/><\/a><p class=\"landing-page-footer__copyright\">\u00a9 2024 Calian Group Ltd. CNESST# AR-2000790<\/p><ul class=\"landing-page-footer__bottom--social-icons list-unstyled\"><li><a href=\"https:\/\/www.linkedin.com\/company\/calianitcs\/\" target=\"_blank\" aria-label=\"linkedin\" class=\"share-icon-link\" rel=\"noopener\"><i class=\"icon icon-linkedin\"><\/i><\/a><\/li><\/ul><\/div><\/div><\/div>\n","protected":false},"excerpt":{"rendered":"<p><a class=\"calian-header__navbar-brand navbar-brand\" href=\"\/\"> <\/a> <\/p>\n<ul class=\"nav justify-content-start calian-header__main-nav\">\n<li class=\"nav-item\"> <a class=\"nav-link\" href=\"https:\/\/www.calian.com\/digital-cyber\/fr\/\"> Solutions informatiques et cybern\u00e9tiques <\/a> <\/li>\n<\/ul>\n<p> <a class=\"calian-header__navbar-brand navbar-brand\" href=\"\/\"> <\/a> <\/p>\n<ul class=\"nav justify-content-start flex-column calian-header__main-nav--mobile\">\n<li class=\"nav-item\"> <a class=\"nav-link\" href=\"https:\/\/www.calian.com\/digital-cyber\/fr\/\"> Solutions informatiques et cybern\u00e9tiques <\/a> <\/li>\n<\/ul>\n<p> <a href=\"#\" class=\"calian-hero__play-pause d-flex align-items-center text-decoration-none d-block m-2 p-2 position-absolute z-3 text-left text-white\"> Pause <\/a> Perspectives en &hellip;<\/p>\n","protected":false},"author":7592,"featured_media":12578,"parent":0,"menu_order":27,"comment_status":"closed","ping_status":"closed","template":"page-landing-page.php","meta":{"_acf_changed":false,"content-type":"","footnotes":""},"solution":[103],"industry":[],"type_classification":[110],"class_list":["post-12583","page","type-page","status-publish","has-post-thumbnail","hentry","solution-cybersecurite","type_classification-solution-fr"],"acf":[],"yoast_head":"<!-- This site is optimized with the Yoast SEO plugin v26.4 - https:\/\/yoast.com\/wordpress\/plugins\/seo\/ -->\n<title>Perspectives en mati\u00e8re de cybers\u00e9curit\u00e9 : pour les dirigeants de demain - Digital &amp; Cyber | Calian<\/title>\n<meta name=\"description\" content=\"Calian recueille des informations pr\u00e9cieuses aupr\u00e8s de professionnels chevronn\u00e9s de l&#039;informatique afin d&#039;inspirer et de guider la prochaine g\u00e9n\u00e9ration dans le domaine de la cybers\u00e9curit\u00e9.\" \/>\n<meta name=\"robots\" content=\"index, follow, max-snippet:-1, max-image-preview:large, max-video-preview:-1\" \/>\n<link rel=\"canonical\" href=\"https:\/\/www.calian.com\/digital-cyber\/fr\/la-cybersecurite-pour-les-dirigeants-de-la-prochaine-generation\/\" \/>\n<meta property=\"og:locale\" content=\"fr_CA\" \/>\n<meta property=\"og:type\" content=\"article\" \/>\n<meta property=\"og:title\" content=\"Perspectives en mati\u00e8re de cybers\u00e9curit\u00e9 : pour les dirigeants de demain\" \/>\n<meta property=\"og:description\" content=\"Calian recueille des informations pr\u00e9cieuses aupr\u00e8s de professionnels chevronn\u00e9s de l&#039;informatique afin d&#039;inspirer et de guider la prochaine g\u00e9n\u00e9ration dans le domaine de la cybers\u00e9curit\u00e9.\" \/>\n<meta property=\"og:url\" content=\"https:\/\/www.calian.com\/digital-cyber\/fr\/la-cybersecurite-pour-les-dirigeants-de-la-prochaine-generation\/\" \/>\n<meta property=\"og:site_name\" content=\"Solutions informatiques et cybern\u00e9tiques\" \/>\n<meta property=\"article:modified_time\" content=\"2024-09-16T18:56:19+00:00\" \/>\n<meta property=\"og:image\" content=\"https:\/\/sites.calian.com\/app\/uploads\/sites\/10\/2023\/12\/AdobeStock_206101585-1024x683.jpg\" \/>\n<meta name=\"twitter:card\" content=\"summary_large_image\" \/>\n<meta name=\"twitter:label1\" content=\"Est. reading time\" \/>\n\t<meta name=\"twitter:data1\" content=\"1 minute\" \/>\n<script type=\"application\/ld+json\" class=\"yoast-schema-graph\">{\"@context\":\"https:\/\/schema.org\",\"@graph\":[{\"@type\":\"WebPage\",\"@id\":\"https:\/\/www.calian.com\/digital-cyber\/fr\/la-cybersecurite-pour-les-dirigeants-de-la-prochaine-generation\/\",\"url\":\"https:\/\/www.calian.com\/digital-cyber\/fr\/la-cybersecurite-pour-les-dirigeants-de-la-prochaine-generation\/\",\"name\":\"Perspectives en mati\u00e8re de cybers\u00e9curit\u00e9 : pour les dirigeants de demain - Digital & Cyber | Calian\",\"isPartOf\":{\"@id\":\"https:\/\/www.calian.com\/digital-cyber\/fr\/#website\"},\"primaryImageOfPage\":{\"@id\":\"https:\/\/www.calian.com\/digital-cyber\/fr\/la-cybersecurite-pour-les-dirigeants-de-la-prochaine-generation\/#primaryimage\"},\"image\":{\"@id\":\"https:\/\/www.calian.com\/digital-cyber\/fr\/la-cybersecurite-pour-les-dirigeants-de-la-prochaine-generation\/#primaryimage\"},\"thumbnailUrl\":\"https:\/\/sites.calian.com\/app\/uploads\/sites\/10\/2024\/08\/iStock-1206098096-scaled.jpg\",\"datePublished\":\"2024-08-28T22:00:24+00:00\",\"dateModified\":\"2024-09-16T18:56:19+00:00\",\"description\":\"Calian recueille des informations pr\u00e9cieuses aupr\u00e8s de professionnels chevronn\u00e9s de l'informatique afin d'inspirer et de guider la prochaine g\u00e9n\u00e9ration dans le domaine de la cybers\u00e9curit\u00e9.\",\"inLanguage\":\"fr-CA\",\"potentialAction\":[{\"@type\":\"ReadAction\",\"target\":[\"https:\/\/www.calian.com\/digital-cyber\/fr\/la-cybersecurite-pour-les-dirigeants-de-la-prochaine-generation\/\"]}]},{\"@type\":\"ImageObject\",\"inLanguage\":\"fr-CA\",\"@id\":\"https:\/\/www.calian.com\/digital-cyber\/fr\/la-cybersecurite-pour-les-dirigeants-de-la-prochaine-generation\/#primaryimage\",\"url\":\"https:\/\/sites.calian.com\/app\/uploads\/sites\/10\/2024\/08\/iStock-1206098096-scaled.jpg\",\"contentUrl\":\"https:\/\/sites.calian.com\/app\/uploads\/sites\/10\/2024\/08\/iStock-1206098096-scaled.jpg\",\"width\":2560,\"height\":1350,\"caption\":\"Arri\u00e8re-plan technologique abstrait compos\u00e9 de circuits imprim\u00e9s. Effet de profondeur de champ et bokeh.\"},{\"@type\":\"WebSite\",\"@id\":\"https:\/\/www.calian.com\/digital-cyber\/fr\/#website\",\"url\":\"https:\/\/www.calian.com\/digital-cyber\/fr\/\",\"name\":\"Solutions informatiques et cybern\u00e9tiques\",\"description\":\"\",\"publisher\":{\"@id\":\"https:\/\/www.calian.com\/digital-cyber\/fr\/#organization\"},\"potentialAction\":[{\"@type\":\"SearchAction\",\"target\":{\"@type\":\"EntryPoint\",\"urlTemplate\":\"https:\/\/www.calian.com\/digital-cyber\/fr\/?s={search_term_string}\"},\"query-input\":{\"@type\":\"PropertyValueSpecification\",\"valueRequired\":true,\"valueName\":\"search_term_string\"}}],\"inLanguage\":\"fr-CA\"},{\"@type\":\"Organization\",\"@id\":\"https:\/\/www.calian.com\/digital-cyber\/fr\/#organization\",\"name\":\"Calian Group Ltd.\",\"url\":\"https:\/\/www.calian.com\/digital-cyber\/fr\/\",\"logo\":{\"@type\":\"ImageObject\",\"inLanguage\":\"fr-CA\",\"@id\":\"https:\/\/www.calian.com\/digital-cyber\/fr\/#\/schema\/logo\/image\/\",\"url\":\"https:\/\/sites.calian.com\/app\/uploads\/sites\/10\/2026\/01\/2026-Logo-Calian-EN-RGB-DIGITAL-1.svg\",\"contentUrl\":\"https:\/\/sites.calian.com\/app\/uploads\/sites\/10\/2026\/01\/2026-Logo-Calian-EN-RGB-DIGITAL-1.svg\",\"width\":977,\"height\":648,\"caption\":\"Calian Group Ltd.\"},\"image\":{\"@id\":\"https:\/\/www.calian.com\/digital-cyber\/fr\/#\/schema\/logo\/image\/\"}}]}<\/script>\n<!-- \/ Yoast SEO plugin. -->","yoast_head_json":{"title":"Perspectives en mati\u00e8re de cybers\u00e9curit\u00e9 : pour les dirigeants de demain - Digital & Cyber | Calian","description":"Calian recueille des informations pr\u00e9cieuses aupr\u00e8s de professionnels chevronn\u00e9s de l'informatique afin d'inspirer et de guider la prochaine g\u00e9n\u00e9ration dans le domaine de la cybers\u00e9curit\u00e9.","robots":{"index":"index","follow":"follow","max-snippet":"max-snippet:-1","max-image-preview":"max-image-preview:large","max-video-preview":"max-video-preview:-1"},"canonical":"https:\/\/www.calian.com\/digital-cyber\/fr\/la-cybersecurite-pour-les-dirigeants-de-la-prochaine-generation\/","og_locale":"fr_CA","og_type":"article","og_title":"Perspectives en mati\u00e8re de cybers\u00e9curit\u00e9 : pour les dirigeants de demain","og_description":"Calian recueille des informations pr\u00e9cieuses aupr\u00e8s de professionnels chevronn\u00e9s de l'informatique afin d'inspirer et de guider la prochaine g\u00e9n\u00e9ration dans le domaine de la cybers\u00e9curit\u00e9.","og_url":"https:\/\/www.calian.com\/digital-cyber\/fr\/la-cybersecurite-pour-les-dirigeants-de-la-prochaine-generation\/","og_site_name":"Solutions informatiques et cybern\u00e9tiques","article_modified_time":"2024-09-16T18:56:19+00:00","og_image":[{"url":"https:\/\/sites.calian.com\/app\/uploads\/sites\/10\/2023\/12\/AdobeStock_206101585-1024x683.jpg","type":"","width":"","height":""}],"twitter_card":"summary_large_image","twitter_misc":{"Est. reading time":"1 minute"},"schema":{"@context":"https:\/\/schema.org","@graph":[{"@type":"WebPage","@id":"https:\/\/www.calian.com\/digital-cyber\/fr\/la-cybersecurite-pour-les-dirigeants-de-la-prochaine-generation\/","url":"https:\/\/www.calian.com\/digital-cyber\/fr\/la-cybersecurite-pour-les-dirigeants-de-la-prochaine-generation\/","name":"Perspectives en mati\u00e8re de cybers\u00e9curit\u00e9 : pour les dirigeants de demain - Digital & Cyber | Calian","isPartOf":{"@id":"https:\/\/www.calian.com\/digital-cyber\/fr\/#website"},"primaryImageOfPage":{"@id":"https:\/\/www.calian.com\/digital-cyber\/fr\/la-cybersecurite-pour-les-dirigeants-de-la-prochaine-generation\/#primaryimage"},"image":{"@id":"https:\/\/www.calian.com\/digital-cyber\/fr\/la-cybersecurite-pour-les-dirigeants-de-la-prochaine-generation\/#primaryimage"},"thumbnailUrl":"https:\/\/sites.calian.com\/app\/uploads\/sites\/10\/2024\/08\/iStock-1206098096-scaled.jpg","datePublished":"2024-08-28T22:00:24+00:00","dateModified":"2024-09-16T18:56:19+00:00","description":"Calian recueille des informations pr\u00e9cieuses aupr\u00e8s de professionnels chevronn\u00e9s de l'informatique afin d'inspirer et de guider la prochaine g\u00e9n\u00e9ration dans le domaine de la cybers\u00e9curit\u00e9.","inLanguage":"fr-CA","potentialAction":[{"@type":"ReadAction","target":["https:\/\/www.calian.com\/digital-cyber\/fr\/la-cybersecurite-pour-les-dirigeants-de-la-prochaine-generation\/"]}]},{"@type":"ImageObject","inLanguage":"fr-CA","@id":"https:\/\/www.calian.com\/digital-cyber\/fr\/la-cybersecurite-pour-les-dirigeants-de-la-prochaine-generation\/#primaryimage","url":"https:\/\/sites.calian.com\/app\/uploads\/sites\/10\/2024\/08\/iStock-1206098096-scaled.jpg","contentUrl":"https:\/\/sites.calian.com\/app\/uploads\/sites\/10\/2024\/08\/iStock-1206098096-scaled.jpg","width":2560,"height":1350,"caption":"Arri\u00e8re-plan technologique abstrait compos\u00e9 de circuits imprim\u00e9s. Effet de profondeur de champ et bokeh."},{"@type":"WebSite","@id":"https:\/\/www.calian.com\/digital-cyber\/fr\/#website","url":"https:\/\/www.calian.com\/digital-cyber\/fr\/","name":"Solutions informatiques et cybern\u00e9tiques","description":"","publisher":{"@id":"https:\/\/www.calian.com\/digital-cyber\/fr\/#organization"},"potentialAction":[{"@type":"SearchAction","target":{"@type":"EntryPoint","urlTemplate":"https:\/\/www.calian.com\/digital-cyber\/fr\/?s={search_term_string}"},"query-input":{"@type":"PropertyValueSpecification","valueRequired":true,"valueName":"search_term_string"}}],"inLanguage":"fr-CA"},{"@type":"Organization","@id":"https:\/\/www.calian.com\/digital-cyber\/fr\/#organization","name":"Calian Group Ltd.","url":"https:\/\/www.calian.com\/digital-cyber\/fr\/","logo":{"@type":"ImageObject","inLanguage":"fr-CA","@id":"https:\/\/www.calian.com\/digital-cyber\/fr\/#\/schema\/logo\/image\/","url":"https:\/\/sites.calian.com\/app\/uploads\/sites\/10\/2026\/01\/2026-Logo-Calian-EN-RGB-DIGITAL-1.svg","contentUrl":"https:\/\/sites.calian.com\/app\/uploads\/sites\/10\/2026\/01\/2026-Logo-Calian-EN-RGB-DIGITAL-1.svg","width":977,"height":648,"caption":"Calian Group Ltd."},"image":{"@id":"https:\/\/www.calian.com\/digital-cyber\/fr\/#\/schema\/logo\/image\/"}}]}},"_links":{"self":[{"href":"https:\/\/itcs.calian.com\/fr\/wp-json\/wp\/v2\/pages\/12583","targetHints":{"allow":["GET"]}}],"collection":[{"href":"https:\/\/itcs.calian.com\/fr\/wp-json\/wp\/v2\/pages"}],"about":[{"href":"https:\/\/itcs.calian.com\/fr\/wp-json\/wp\/v2\/types\/page"}],"author":[{"embeddable":true,"href":"https:\/\/itcs.calian.com\/fr\/wp-json\/wp\/v2\/users\/7592"}],"replies":[{"embeddable":true,"href":"https:\/\/itcs.calian.com\/fr\/wp-json\/wp\/v2\/comments?post=12583"}],"version-history":[{"count":28,"href":"https:\/\/itcs.calian.com\/fr\/wp-json\/wp\/v2\/pages\/12583\/revisions"}],"predecessor-version":[{"id":12741,"href":"https:\/\/itcs.calian.com\/fr\/wp-json\/wp\/v2\/pages\/12583\/revisions\/12741"}],"wp:featuredmedia":[{"embeddable":true,"href":"https:\/\/itcs.calian.com\/fr\/wp-json\/wp\/v2\/media\/12578"}],"wp:attachment":[{"href":"https:\/\/itcs.calian.com\/fr\/wp-json\/wp\/v2\/media?parent=12583"}],"wp:term":[{"taxonomy":"solution","embeddable":true,"href":"https:\/\/itcs.calian.com\/fr\/wp-json\/wp\/v2\/solution?post=12583"},{"taxonomy":"industry","embeddable":true,"href":"https:\/\/itcs.calian.com\/fr\/wp-json\/wp\/v2\/industry?post=12583"},{"taxonomy":"type_classification","embeddable":true,"href":"https:\/\/itcs.calian.com\/fr\/wp-json\/wp\/v2\/type_classification?post=12583"}],"curies":[{"name":"wp","href":"https:\/\/api.w.org\/{rel}","templated":true}]}}