{"id":11223,"date":"2024-06-07T10:47:24","date_gmt":"2024-06-07T14:47:24","guid":{"rendered":"https:\/\/www.calian.com\/digital-cyber\/developpement-de-linformatique-en-nuage-et-adoption-de-lia-pour-les-soins-de-sante\/"},"modified":"2024-06-19T14:57:30","modified_gmt":"2024-06-19T18:57:30","slug":"cht-webinaire","status":"publish","type":"page","link":"https:\/\/www.calian.com\/digital-cyber\/fr\/cht-webinaire\/","title":{"rendered":"D\u00e9veloppement du nuage et adoption de l&#8217;IA pour les soins de sant\u00e9"},"content":{"rendered":"\n<div class=\"tbk-hydrate-component\" data-cid=\"6862e64f-ebf0-48fc-aba6-7b6956399623\" data-component=\"LandingPageHeader\"><header class=\"calian-header landing-page-header calian-header--invert wp-block-calian-com-components-calian-landing-page-header\"><div class=\"calian-header__container container-fluid\"><nav class=\"calian-header__navbar navbar navbar-expand-xl navbar-white\"><div class=\"calian-header__navbar-container container-fluid\"><a class=\"calian-header__navbar-brand navbar-brand\" href=\"https:\/\/www.calian.com\/\"><img decoding=\"async\" src=\"https:\/\/sites.calian.com\/app\/uploads\/sites\/10\/2024\/02\/Calian-Logo-Tag-RGB-Colour.svg\" alt=\"\" class=\"img-fluid\"\/><\/a><div class=\"calian-header__navbar-collapse collapse collapse navbar-collapse\"><div class=\"calian-header__navbar-left\"><\/div><div class=\"calian-header__navbar-right\"><ul class=\"nav justify-content-start calian-header__main-nav\"><li class=\"nav-item\"><a class=\"nav-link\" href=\"https:\/\/www.calian.com\/digital-cyber\/fr\/modernisation-de-l-informatique-et-nuage\/\">Modernisation de l&#8217;informatique et de l&#8217;informatique en nuage<\/a><\/li><li class=\"nav-item\"><a class=\"nav-link\" href=\"https:\/\/www.calian.com\/digital-cyber\/fr\/cht-webinaire\/\">Fran\u00e7ais<\/a><\/li><\/ul><\/div><\/div><\/div><\/nav><div class=\"calian-header__cta-search\"><\/div><button type=\"button\" class=\"calian-header__navbar-toggler btn navbar-toggler\" data-bs-toggle=\"offcanvas\" data-bs-target=\".offcanvas\" aria-label=\"Toggle\"><i class=\"icon icon-menu-alternate\"><\/i><\/button><\/div><div class=\"offcanvas offcanvas-end\"><div class=\"offcanvas-header\"><div class=\"offcanvas-header__upper\"><div class=\"offcanvas-header__brand\"><a class=\"calian-header__navbar-brand navbar-brand\" href=\"https:\/\/www.calian.com\/\"><img decoding=\"async\" src=\"https:\/\/sites.calian.com\/app\/uploads\/sites\/10\/2024\/02\/Calian-Logo-Tag-RGB-Colour.svg\" alt=\"\" class=\"img-fluid\"\/><\/a><\/div><button type=\"button\" class=\"btn-close text-reset\" data-bs-dismiss=\"offcanvas\" aria-label=\"Close\"><\/button><\/div><\/div><div class=\"offcanvas-body\"><ul class=\"nav justify-content-start flex-column calian-header__main-nav--mobile\"><li class=\"nav-item\"><a class=\"nav-link\" href=\"https:\/\/www.calian.com\/digital-cyber\/fr\/modernisation-de-l-informatique-et-nuage\/\">Modernisation de l&#8217;informatique et de l&#8217;informatique en nuage<\/a><\/li><li class=\"nav-item\"><a class=\"nav-link\" href=\"https:\/\/www.calian.com\/digital-cyber\/fr\/cht-webinaire\/\">Fran\u00e7ais<\/a><\/li><\/ul><div class=\"calian-header__cta-language-select-mobile\"><div class=\"calian-header__cta-language-select-mobile__cta\"><\/div><\/div><\/div><\/div><\/header><\/div>\n\n<div class=\"tbk-hydrate-component\" data-cid=\"db2a19f3-5989-4fb6-95a8-4b9d834adf15\" data-component=\"MainHeroVideo\"><div class=\"calian-main-hero wp-block-calian-com-components-calian-main-hero-video inverted\"><div class=\"main-hero-video position-relative\"><div class=\"main-hero-video__overlay-top\"><\/div><div class=\"main-hero-video__overlay-left\"><\/div><div class=\"main-hero-video__overlay-general\"><\/div><div class=\"main-hero-video__content container-fluid mw-1195px\"><div class=\"row px-3\"><div class=\"col-12 mw-641px p-0\"><p class=\"main-hero-video__pre-heading text-white fs-4 mb-4\">Webinaire<\/p><h1 class=\"main-hero-video__heading text-white mb-4\">D\u00e9veloppement du nuage et adoption de l&#8217;IA pour les soins de sant\u00e9 : pourquoi le moment est venu?<\/h1><p class=\"main-hero-video__description text-white subheading mb-5\">Selon Microsoft, 97 % des donn\u00e9es relatives aux soins de sant\u00e9 ne sont pas utilis\u00e9es aujourd&#8217;hui.  <\/p><div class=\"main-hero-software__cta-buttons d-flex flex-column flex-sm-row justify-content-start pt-2\"><a href=\"#video-preview\" class=\"btn btn-secondary\">Regarder la vid\u00e9o \u00e0 la demande<\/a><\/div><\/div><\/div><\/div><video src=\"https:\/\/sites.calian.com\/app\/uploads\/sites\/7\/2024\/06\/iStock-1393020318.mp4\" class=\"hero-banner__bg-video\" autoplay=\"\" muted=\"\" playsinline=\"\" loop=\"\"><\/video><button class=\"hero-banner__bg-video-btn btn link-white position-absolute z-3 bottom-0 left-0 d-flex justify-content-center align-items-center fs-9 ms-3 ms-lg-5 mb-3 mb-lg-5 p-1\" tabindex=\"0\"><span class=\"icon icon-pause fs-8px me-2\"><\/span>Pause<\/button><\/div><\/div><\/div>\n\n<div class=\"tbk-hydrate-component\" data-cid=\"90b90965-54e6-402f-943a-58b8da7f4337\" data-component=\"VideoShowcase\"><div id=\"video-preview\" class=\"video-showcase px-3 py-5 py-lg-8 overlay-light wp-block-calian-com-components-calian-video-showcase\"><div class=\"video-showcase__container align-items-center mw-1240px d-flex gap-5 flex-column flex-lg-row align-items-lg-start\"><div class=\"video-showcase__content align-items-center align-items-lg-start horizontal-sizing d-inline-flex flex-column gap-3\"><h2 class=\"video-showcase__heading mb-0 text-center text-md-left\">Une table ronde sur l&#8217;am\u00e9lioration des soins de sant\u00e9 gr\u00e2ce au d\u00e9veloppement du cloud et \u00e0 l&#8217;IA.<\/h2><div class=\"video-showcase__copy\"><div class=\"text-center text-lg-start\">Au cours du webinaire, les pan\u00e9listes d\u00e9taillent les priorit\u00e9s des projets li\u00e9s \u00e0 l&#8217;accessibilit\u00e9, \u00e0 l&#8217;\u00e9volutivit\u00e9 et \u00e0 l&#8217;agilit\u00e9 dans l&#8217;informatique d\u00e9mat\u00e9rialis\u00e9e. Ils expliquent en outre comment les responsables des soins de sant\u00e9 hi\u00e9rarchisent les cas d&#8217;utilisation de l&#8217;IA en fonction des structures et des environnements organisationnels. Enfin, vous aurez un aper\u00e7u de la gestion des co\u00fbts, de l&#8217;optimisation des ressources et de l&#8217;exploitation de l&#8217;IA pour des solutions de soins de sant\u00e9 transformatrices.<\/div><\/div><\/div><div class=\"video-showcase__video-wrapper flex-grow-1 flex-shrink-0 w-100 w-lg-auto\"><div class=\"video-showcase__video mx-auto rounded-5\" style=\"background-image:url(\" https:=\"\"><button class=\"btn-play\">Lire la vid\u00e9o<\/button><\/div><div class=\"video-showcase__caption text-center\"><span>Regardez l&#8217;aper\u00e7u du webinaire pour d\u00e9couvrir l&#8217;un des cas d&#8217;utilisation de l&#8217;IA de SickKids mis en \u0153uvre aujourd&#8217;hui.  <\/span><\/div><\/div><\/div><\/div><\/div>\n\n<div class=\"tbk-hydrate-component\" data-cid=\"cab6a754-eeaa-448c-9e58-4dcb600640d2\" data-component=\"Container\"><div class=\"container-fluid bg-light wp-block-tbk-components-container\" style=\"background-position:center;background-size:cover\"><div>\n<div class=\"wp-block-columns is-layout-flex wp-container-core-columns-is-layout-9d6595d7 wp-block-columns-is-layout-flex\">\n<div class=\"wp-block-column is-layout-flow wp-block-column-is-layout-flow\" style=\"flex-basis:35%\"><\/div>\n\n\n\n<div class=\"wp-block-column is-layout-flow wp-block-column-is-layout-flow\" style=\"flex-basis:65%\">\n<div class=\"wp-block-buttons has-custom-font-size is-horizontal is-content-justification-center is-layout-flex wp-container-core-buttons-is-layout-00ace616 wp-block-buttons-is-layout-flex\" style=\"font-size:19px\">\n<div class=\"wp-block-button has-custom-width wp-block-button__width-50\"><a class=\"wp-block-button__link has-text-align-center wp-element-button\" href=\"#contact-form\">Regarder le webinaire complet<\/a><\/div>\n<\/div>\n<\/div>\n<\/div>\n\n\n\n<div class=\"tbk-hydrate-component\" data-cid=\"66e51b92-68b5-46f4-a7be-26f8d8034dae\" data-component=\"Spacer\"><div class=\"calian-spacer calian-spacer--small wp-block-calian-com-components-calian-spacer\"><\/div><\/div>\n<\/div><\/div><\/div>\n\n<div class=\"tbk-hydrate-component\" data-cid=\"6951ccc3-fc72-4927-8ebd-9013de6d8048\" data-component=\"Spacer\"><div id=\"panelists\" class=\"calian-spacer calian-spacer--small wp-block-calian-com-components-calian-spacer\"><\/div><\/div>\n\n<h2 class=\"wp-block-heading has-text-align-center\">Rencontrez les pan\u00e9listes<\/h2>\n<div class=\"wp-block-image\">\n<figure class=\"aligncenter size-full\"><img decoding=\"async\" src=\"https:\/\/sites.calian.com\/app\/uploads\/2024\/06\/Copy-of-CHT-webinar-panelists-final3.png\" alt=\"\" class=\"wp-image-3759\"\/><\/figure><\/div>\n<div class=\"tbk-hydrate-component\" data-cid=\"c583a3bc-afdd-4dd0-a535-d804926fc9a6\" data-component=\"Spacer\"><div class=\"calian-spacer calian-spacer--extra-small wp-block-calian-com-components-calian-spacer\"><\/div><\/div>\n\n<div class=\"tbk-hydrate-component\" data-cid=\"ab844e70-2744-4804-9f84-55e1941ea5f0\" data-component=\"ContactCTAHubSpot\"><div id=\"contact-form\" class=\"calian-contact-cta overflow-hidden position-relative inverted wp-block-calian-com-components-calian-contact-cta-hub-spot\"><div class=\"calian-contact-cta__overlay position-absolute z-2\"><\/div><img loading=\"lazy\" decoding=\"async\" src=\"https:\/\/sites.calian.com\/app\/uploads\/sites\/7\/2024\/06\/Cloud-encryption-1024x576.webp\" alt=\"Une ic&#xF4;ne de nuage num&#xE9;rique est affich&#xE9;e sur un fond de n&#x153;uds de donn&#xE9;es et de circuits interconnect&#xE9;s, symbolisant l'informatique en nuage et la technologie de stockage de donn&#xE9;es.\" width=\"1024\" height=\"576\" class=\"calian-contact-cta__background-image position-absolute z-1\"\/><div class=\"calian-contact-cta__container mx-auto py-5 py-md-10 position-relative z-3\"><div class=\"d-flex\"><div class=\"calian-contact-cta__form mx-auto me-lg-0 px-3\"><div class=\"hs-form__container\"><div class=\"hs-form__container-inner\"><div class=\"d-flex justify-content-center p-1\"><div class=\"spinner-border text-primary \" role=\"status\" style=\"width:3rem;height:3rem\"><span class=\"visually-hidden\">Chargement&#8230;<\/span><\/div><\/div><div class=\"hs-form__target\"><\/div><\/div><\/div><\/div><\/div><\/div><\/div><\/div>\n\n<div class=\"tbk-hydrate-component\" data-cid=\"678df751-eff8-4a53-a837-b17ab4d363a0\" data-component=\"LandingPageFooter\"><div class=\"landing-page-footer wp-block-calian-com-components-calian-landing-page-footer\"><div class=\"landing-page-footer__container container-fluid\"><a class=\"landing-page-footer__logo-link\" href=\"\/\"><img loading=\"lazy\" decoding=\"async\" src=\"https:\/\/sites.calian.com\/app\/dist\/logo-colour-WZMAWDEU.svg\" alt=\"\" width=\"180\" height=\"65\" class=\"landing-page-footer__logo-img\"\/><\/a><p class=\"landing-page-footer__copyright\">2024 Calian Group Ltd. CNESST# AR-2000790<\/p><ul class=\"landing-page-footer__bottom--social-icons list-unstyled\"><li><a href=\"https:\/\/ca.linkedin.com\/company\/calian\" target=\"_blank\" aria-label=\"linkedin\" class=\"share-icon-link\" rel=\"noopener\"><i class=\"icon icon-linkedin\"><\/i><\/a><\/li><\/ul><\/div><\/div><\/div>\n","protected":false},"excerpt":{"rendered":"<p><a class=\"calian-header__navbar-brand navbar-brand\" href=\"https:\/\/www.calian.com\/\"> <\/a> <\/p>\n<ul class=\"nav justify-content-start calian-header__main-nav\">\n<li class=\"nav-item\"> <a class=\"nav-link\" href=\"https:\/\/www.calian.com\/digital-cyber\/fr\/modernisation-de-l-informatique-et-nuage\/\"> Modernisation de l&#8217;informatique et de l&#8217;informatique en nuage <\/a> <\/li>\n<li class=\"nav-item\"> <a class=\"nav-link\" href=\"https:\/\/www.calian.com\/digital-cyber\/fr\/cht-webinaire\/\"> Fran\u00e7ais <\/a> <\/li>\n<\/ul>\n<p> <a class=\"calian-header__navbar-brand navbar-brand\" href=\"https:\/\/www.calian.com\/\"> <\/a> <\/p>\n<ul class=\"nav justify-content-start flex-column calian-header__main-nav--mobile\">\n<li class=\"nav-item\"> <a class=\"nav-link\" href=\"https:\/\/www.calian.com\/digital-cyber\/fr\/modernisation-de-l-informatique-et-nuage\/\"> Modernisation de l&#8217;informatique et de l&#8217;informatique en nuage <\/a> <\/li>\n<li class=\"nav-item\"> &hellip;<\/li>\n<\/ul>\n","protected":false},"author":1,"featured_media":9783,"parent":0,"menu_order":28,"comment_status":"closed","ping_status":"closed","template":"page-landing-page.php","meta":{"_acf_changed":false,"content-type":"","footnotes":""},"solution":[],"industry":[],"type_classification":[],"class_list":["post-11223","page","type-page","status-publish","has-post-thumbnail","hentry"],"acf":[],"yoast_head":"<!-- This site is optimized with the Yoast SEO plugin v26.4 - https:\/\/yoast.com\/wordpress\/plugins\/seo\/ -->\n<title>D\u00e9veloppement du nuage et adoption de l&#039;IA pour les soins de sant\u00e9 - Digital &amp; Cyber | Calian<\/title>\n<meta name=\"robots\" content=\"index, follow, max-snippet:-1, max-image-preview:large, max-video-preview:-1\" \/>\n<link rel=\"canonical\" href=\"https:\/\/www.calian.com\/digital-cyber\/fr\/cht-webinaire\/\" \/>\n<meta property=\"og:locale\" content=\"fr_CA\" \/>\n<meta property=\"og:type\" content=\"article\" \/>\n<meta property=\"og:title\" content=\"D\u00e9veloppement du nuage et adoption de l&#039;IA pour les soins de sant\u00e9 - Digital &amp; Cyber | Calian\" \/>\n<meta property=\"og:description\" content=\"Modernisation de l&#8217;informatique et de l&#8217;informatique en nuage   Fran\u00e7ais     Modernisation de l&#8217;informatique et de l&#8217;informatique en nuage  &hellip;\" \/>\n<meta property=\"og:url\" content=\"https:\/\/www.calian.com\/digital-cyber\/fr\/cht-webinaire\/\" \/>\n<meta property=\"og:site_name\" content=\"Solutions informatiques et cybern\u00e9tiques\" \/>\n<meta property=\"article:modified_time\" content=\"2024-06-19T18:57:30+00:00\" \/>\n<meta property=\"og:image\" content=\"https:\/\/sites.calian.com\/app\/uploads\/sites\/10\/2024\/02\/Cloud-encryption.jpg\" \/>\n\t<meta property=\"og:image:width\" content=\"2309\" \/>\n\t<meta property=\"og:image:height\" content=\"1299\" \/>\n\t<meta property=\"og:image:type\" content=\"image\/jpeg\" \/>\n<meta name=\"twitter:card\" content=\"summary_large_image\" \/>\n<meta name=\"twitter:label1\" content=\"Est. reading time\" \/>\n\t<meta name=\"twitter:data1\" content=\"2 minutes\" \/>\n<script type=\"application\/ld+json\" class=\"yoast-schema-graph\">{\"@context\":\"https:\/\/schema.org\",\"@graph\":[{\"@type\":\"WebPage\",\"@id\":\"https:\/\/www.calian.com\/digital-cyber\/fr\/cht-webinaire\/\",\"url\":\"https:\/\/www.calian.com\/digital-cyber\/fr\/cht-webinaire\/\",\"name\":\"D\u00e9veloppement du nuage et adoption de l'IA pour les soins de sant\u00e9 - Digital & Cyber | Calian\",\"isPartOf\":{\"@id\":\"https:\/\/www.calian.com\/digital-cyber\/fr\/#website\"},\"primaryImageOfPage\":{\"@id\":\"https:\/\/www.calian.com\/digital-cyber\/fr\/cht-webinaire\/#primaryimage\"},\"image\":{\"@id\":\"https:\/\/www.calian.com\/digital-cyber\/fr\/cht-webinaire\/#primaryimage\"},\"thumbnailUrl\":\"https:\/\/sites.calian.com\/app\/uploads\/sites\/10\/2024\/02\/Cloud-encryption.jpg\",\"datePublished\":\"2024-06-07T14:47:24+00:00\",\"dateModified\":\"2024-06-19T18:57:30+00:00\",\"inLanguage\":\"fr-CA\",\"potentialAction\":[{\"@type\":\"ReadAction\",\"target\":[\"https:\/\/www.calian.com\/digital-cyber\/fr\/cht-webinaire\/\"]}]},{\"@type\":\"ImageObject\",\"inLanguage\":\"fr-CA\",\"@id\":\"https:\/\/www.calian.com\/digital-cyber\/fr\/cht-webinaire\/#primaryimage\",\"url\":\"https:\/\/sites.calian.com\/app\/uploads\/sites\/10\/2024\/02\/Cloud-encryption.jpg\",\"contentUrl\":\"https:\/\/sites.calian.com\/app\/uploads\/sites\/10\/2024\/02\/Cloud-encryption.jpg\",\"width\":2309,\"height\":1299,\"caption\":\"Cloud Computing Data Center Multi Cloud Hybrid Cloud Information Storage Cyber Security Encryption Edge Computing Data Lake\"},{\"@type\":\"WebSite\",\"@id\":\"https:\/\/www.calian.com\/digital-cyber\/fr\/#website\",\"url\":\"https:\/\/www.calian.com\/digital-cyber\/fr\/\",\"name\":\"Solutions informatiques et cybern\u00e9tiques\",\"description\":\"\",\"publisher\":{\"@id\":\"https:\/\/www.calian.com\/digital-cyber\/fr\/#organization\"},\"potentialAction\":[{\"@type\":\"SearchAction\",\"target\":{\"@type\":\"EntryPoint\",\"urlTemplate\":\"https:\/\/www.calian.com\/digital-cyber\/fr\/?s={search_term_string}\"},\"query-input\":{\"@type\":\"PropertyValueSpecification\",\"valueRequired\":true,\"valueName\":\"search_term_string\"}}],\"inLanguage\":\"fr-CA\"},{\"@type\":\"Organization\",\"@id\":\"https:\/\/www.calian.com\/digital-cyber\/fr\/#organization\",\"name\":\"Calian Group Ltd.\",\"url\":\"https:\/\/www.calian.com\/digital-cyber\/fr\/\",\"logo\":{\"@type\":\"ImageObject\",\"inLanguage\":\"fr-CA\",\"@id\":\"https:\/\/www.calian.com\/digital-cyber\/fr\/#\/schema\/logo\/image\/\",\"url\":\"https:\/\/sites.calian.com\/app\/uploads\/sites\/10\/2026\/01\/2026-Logo-Calian-EN-RGB-DIGITAL-1.svg\",\"contentUrl\":\"https:\/\/sites.calian.com\/app\/uploads\/sites\/10\/2026\/01\/2026-Logo-Calian-EN-RGB-DIGITAL-1.svg\",\"width\":977,\"height\":648,\"caption\":\"Calian Group Ltd.\"},\"image\":{\"@id\":\"https:\/\/www.calian.com\/digital-cyber\/fr\/#\/schema\/logo\/image\/\"}}]}<\/script>\n<!-- \/ Yoast SEO plugin. -->","yoast_head_json":{"title":"D\u00e9veloppement du nuage et adoption de l'IA pour les soins de sant\u00e9 - Digital & Cyber | Calian","robots":{"index":"index","follow":"follow","max-snippet":"max-snippet:-1","max-image-preview":"max-image-preview:large","max-video-preview":"max-video-preview:-1"},"canonical":"https:\/\/www.calian.com\/digital-cyber\/fr\/cht-webinaire\/","og_locale":"fr_CA","og_type":"article","og_title":"D\u00e9veloppement du nuage et adoption de l'IA pour les soins de sant\u00e9 - Digital & Cyber | Calian","og_description":"Modernisation de l&#8217;informatique et de l&#8217;informatique en nuage   Fran\u00e7ais     Modernisation de l&#8217;informatique et de l&#8217;informatique en nuage  &hellip;","og_url":"https:\/\/www.calian.com\/digital-cyber\/fr\/cht-webinaire\/","og_site_name":"Solutions informatiques et cybern\u00e9tiques","article_modified_time":"2024-06-19T18:57:30+00:00","og_image":[{"width":2309,"height":1299,"url":"https:\/\/sites.calian.com\/app\/uploads\/sites\/10\/2024\/02\/Cloud-encryption.jpg","type":"image\/jpeg"}],"twitter_card":"summary_large_image","twitter_misc":{"Est. reading time":"2 minutes"},"schema":{"@context":"https:\/\/schema.org","@graph":[{"@type":"WebPage","@id":"https:\/\/www.calian.com\/digital-cyber\/fr\/cht-webinaire\/","url":"https:\/\/www.calian.com\/digital-cyber\/fr\/cht-webinaire\/","name":"D\u00e9veloppement du nuage et adoption de l'IA pour les soins de sant\u00e9 - Digital & Cyber | Calian","isPartOf":{"@id":"https:\/\/www.calian.com\/digital-cyber\/fr\/#website"},"primaryImageOfPage":{"@id":"https:\/\/www.calian.com\/digital-cyber\/fr\/cht-webinaire\/#primaryimage"},"image":{"@id":"https:\/\/www.calian.com\/digital-cyber\/fr\/cht-webinaire\/#primaryimage"},"thumbnailUrl":"https:\/\/sites.calian.com\/app\/uploads\/sites\/10\/2024\/02\/Cloud-encryption.jpg","datePublished":"2024-06-07T14:47:24+00:00","dateModified":"2024-06-19T18:57:30+00:00","inLanguage":"fr-CA","potentialAction":[{"@type":"ReadAction","target":["https:\/\/www.calian.com\/digital-cyber\/fr\/cht-webinaire\/"]}]},{"@type":"ImageObject","inLanguage":"fr-CA","@id":"https:\/\/www.calian.com\/digital-cyber\/fr\/cht-webinaire\/#primaryimage","url":"https:\/\/sites.calian.com\/app\/uploads\/sites\/10\/2024\/02\/Cloud-encryption.jpg","contentUrl":"https:\/\/sites.calian.com\/app\/uploads\/sites\/10\/2024\/02\/Cloud-encryption.jpg","width":2309,"height":1299,"caption":"Cloud Computing Data Center Multi Cloud Hybrid Cloud Information Storage Cyber Security Encryption Edge Computing Data Lake"},{"@type":"WebSite","@id":"https:\/\/www.calian.com\/digital-cyber\/fr\/#website","url":"https:\/\/www.calian.com\/digital-cyber\/fr\/","name":"Solutions informatiques et cybern\u00e9tiques","description":"","publisher":{"@id":"https:\/\/www.calian.com\/digital-cyber\/fr\/#organization"},"potentialAction":[{"@type":"SearchAction","target":{"@type":"EntryPoint","urlTemplate":"https:\/\/www.calian.com\/digital-cyber\/fr\/?s={search_term_string}"},"query-input":{"@type":"PropertyValueSpecification","valueRequired":true,"valueName":"search_term_string"}}],"inLanguage":"fr-CA"},{"@type":"Organization","@id":"https:\/\/www.calian.com\/digital-cyber\/fr\/#organization","name":"Calian Group Ltd.","url":"https:\/\/www.calian.com\/digital-cyber\/fr\/","logo":{"@type":"ImageObject","inLanguage":"fr-CA","@id":"https:\/\/www.calian.com\/digital-cyber\/fr\/#\/schema\/logo\/image\/","url":"https:\/\/sites.calian.com\/app\/uploads\/sites\/10\/2026\/01\/2026-Logo-Calian-EN-RGB-DIGITAL-1.svg","contentUrl":"https:\/\/sites.calian.com\/app\/uploads\/sites\/10\/2026\/01\/2026-Logo-Calian-EN-RGB-DIGITAL-1.svg","width":977,"height":648,"caption":"Calian Group Ltd."},"image":{"@id":"https:\/\/www.calian.com\/digital-cyber\/fr\/#\/schema\/logo\/image\/"}}]}},"_links":{"self":[{"href":"https:\/\/itcs.calian.com\/fr\/wp-json\/wp\/v2\/pages\/11223","targetHints":{"allow":["GET"]}}],"collection":[{"href":"https:\/\/itcs.calian.com\/fr\/wp-json\/wp\/v2\/pages"}],"about":[{"href":"https:\/\/itcs.calian.com\/fr\/wp-json\/wp\/v2\/types\/page"}],"author":[{"embeddable":true,"href":"https:\/\/itcs.calian.com\/fr\/wp-json\/wp\/v2\/users\/1"}],"replies":[{"embeddable":true,"href":"https:\/\/itcs.calian.com\/fr\/wp-json\/wp\/v2\/comments?post=11223"}],"version-history":[{"count":60,"href":"https:\/\/itcs.calian.com\/fr\/wp-json\/wp\/v2\/pages\/11223\/revisions"}],"predecessor-version":[{"id":11358,"href":"https:\/\/itcs.calian.com\/fr\/wp-json\/wp\/v2\/pages\/11223\/revisions\/11358"}],"wp:featuredmedia":[{"embeddable":true,"href":"https:\/\/itcs.calian.com\/fr\/wp-json\/wp\/v2\/media\/9783"}],"wp:attachment":[{"href":"https:\/\/itcs.calian.com\/fr\/wp-json\/wp\/v2\/media?parent=11223"}],"wp:term":[{"taxonomy":"solution","embeddable":true,"href":"https:\/\/itcs.calian.com\/fr\/wp-json\/wp\/v2\/solution?post=11223"},{"taxonomy":"industry","embeddable":true,"href":"https:\/\/itcs.calian.com\/fr\/wp-json\/wp\/v2\/industry?post=11223"},{"taxonomy":"type_classification","embeddable":true,"href":"https:\/\/itcs.calian.com\/fr\/wp-json\/wp\/v2\/type_classification?post=11223"}],"curies":[{"name":"wp","href":"https:\/\/api.w.org\/{rel}","templated":true}]}}